{"id":149,"date":"2023-03-22T19:14:04","date_gmt":"2023-03-22T19:14:04","guid":{"rendered":"https:\/\/opulentcoast.com\/?page_id=149"},"modified":"2023-04-21T17:53:09","modified_gmt":"2023-04-21T17:53:09","slug":"legal-notice","status":"publish","type":"page","link":"https:\/\/opulentcoast.com\/pt\/legal-notice\/","title":{"rendered":"Aviso Legal"},"content":{"rendered":"<div data-elementor-type=\"wp-page\" data-elementor-id=\"149\" class=\"elementor elementor-149\" data-elementor-post-type=\"page\">\n\t\t\t\t\t\t\t\t\t<section class=\"elementor-section elementor-top-section elementor-element elementor-element-1ac6052 elementor-section-height-min-height elementor-section-boxed elementor-section-height-default elementor-section-items-middle\" data-id=\"1ac6052\" data-element_type=\"section\" data-settings=\"{&quot;background_background&quot;:&quot;classic&quot;}\">\n\t\t\t\t\t\t<div class=\"elementor-container elementor-column-gap-default\">\n\t\t\t\t\t<div class=\"elementor-column elementor-col-100 elementor-top-column elementor-element elementor-element-a4889ca\" data-id=\"a4889ca\" data-element_type=\"column\">\n\t\t\t<div class=\"elementor-widget-wrap elementor-element-populated\">\n\t\t\t\t\t\t\t\t<div class=\"elementor-element elementor-element-aa88782 elementor-widget elementor-widget-heading\" data-id=\"aa88782\" data-element_type=\"widget\" data-widget_type=\"heading.default\">\n\t\t\t\t<div class=\"elementor-widget-container\">\n\t\t\t<style>\/*! elementor - v3.14.0 - 26-06-2023 *\/\n.elementor-heading-title{padding:0;margin:0;line-height:1}.elementor-widget-heading .elementor-heading-title[class*=elementor-size-]>a{color:inherit;font-size:inherit;line-height:inherit}.elementor-widget-heading .elementor-heading-title.elementor-size-small{font-size:15px}.elementor-widget-heading .elementor-heading-title.elementor-size-medium{font-size:19px}.elementor-widget-heading .elementor-heading-title.elementor-size-large{font-size:29px}.elementor-widget-heading .elementor-heading-title.elementor-size-xl{font-size:39px}.elementor-widget-heading .elementor-heading-title.elementor-size-xxl{font-size:59px}<\/style><h2 class=\"elementor-heading-title elementor-size-default\">Aviso Legal<\/h2>\t\t<\/div>\n\t\t\t\t<\/div>\n\t\t\t\t\t<\/div>\n\t\t<\/div>\n\t\t\t\t\t\t\t<\/div>\n\t\t<\/section>\n\t\t\t\t<section class=\"elementor-section elementor-top-section elementor-element elementor-element-fa5ff74 elementor-section-boxed elementor-section-height-default elementor-section-height-default\" data-id=\"fa5ff74\" data-element_type=\"section\">\n\t\t\t\t\t\t<div class=\"elementor-container elementor-column-gap-default\">\n\t\t\t\t\t<div class=\"elementor-column elementor-col-100 elementor-top-column elementor-element elementor-element-abad134\" data-id=\"abad134\" data-element_type=\"column\">\n\t\t\t<div class=\"elementor-widget-wrap elementor-element-populated\">\n\t\t\t\t\t\t\t\t<div class=\"elementor-element elementor-element-b0c859c elementor-widget elementor-widget-text-editor\" data-id=\"b0c859c\" data-element_type=\"widget\" data-widget_type=\"text-editor.default\">\n\t\t\t\t<div class=\"elementor-widget-container\">\n\t\t\t<style>\/*! elementor - v3.14.0 - 26-06-2023 *\/\n.elementor-widget-text-editor.elementor-drop-cap-view-stacked .elementor-drop-cap{background-color:#69727d;color:#fff}.elementor-widget-text-editor.elementor-drop-cap-view-framed .elementor-drop-cap{color:#69727d;border:3px solid;background-color:transparent}.elementor-widget-text-editor:not(.elementor-drop-cap-view-default) .elementor-drop-cap{margin-top:8px}.elementor-widget-text-editor:not(.elementor-drop-cap-view-default) .elementor-drop-cap-letter{width:1em;height:1em}.elementor-widget-text-editor .elementor-drop-cap{float:left;text-align:center;line-height:1;font-size:50px}.elementor-widget-text-editor .elementor-drop-cap-letter{display:inline-block}<\/style>\t\t\t\t<h3>Termos<\/h3><p>Ao acessar ao site Opulent Coast, concorda em cumprir estes termos de servi\u00e7o, todas as leis e regulamentos aplic\u00e1veis \u200b\u200be concorda que \u00e9 respons\u00e1vel pelo cumprimento de todas as leis locais aplic\u00e1veis. Se voc\u00ea n\u00e3o concordar com algum desses termos, est\u00e1 proibido de usar ou acessar este site. Os materiais contidos neste site s\u00e3o protegidos pelas leis de direitos autorais e marcas comerciais aplic\u00e1veis.<\/p><h3>Uso de Licen\u00e7a<\/h3><p>\u00c9 concedida permiss\u00e3o para baixar temporariamente uma c\u00f3pia dos materiais (informa\u00e7\u00f5es ou software) no site Opulent Coast , apenas para visualiza\u00e7\u00e3o transit\u00f3ria pessoal e n\u00e3o comercial. Esta \u00e9 a concess\u00e3o de uma licen\u00e7a, n\u00e3o uma transfer\u00eancia de t\u00edtulo e, sob esta licen\u00e7a, voc\u00ea n\u00e3o pode:<\/p><p>modificar ou copiar os materiais; \nusar os materiais para qualquer finalidade comercial ou para exibi\u00e7\u00e3o p\u00fablica (comercial ou n\u00e3o comercial); \ntentar descompilar ou fazer engenharia reversa de qualquer software contido no site Opulent Coast; \nremover quaisquer direitos autorais ou outras nota\u00e7\u00f5es de propriedade dos materiais; ou \ntransferir os materiais para outra pessoa ou 'espelhe' os materiais em qualquer outro servidor.<\/p><p>Esta licen\u00e7a ser\u00e1 automaticamente rescindida se voc\u00ea violar alguma dessas restri\u00e7\u00f5es e poder\u00e1 ser rescindida por Opulent Coast a qualquer momento. Ao encerrar a visualiza\u00e7\u00e3o desses materiais ou ap\u00f3s o t\u00e9rmino desta licen\u00e7a, voc\u00ea deve apagar todos os materiais baixados em sua posse, seja em formato eletr\u00f3nico ou impresso.<\/p><h3>Isen\u00e7\u00e3o de responsabilidade<\/h3><p>Os materiais no site da Opulent Coast s\u00e3o fornecidos 'como est\u00e3o'. Opulent Coast n\u00e3o oferece garantias, expressas ou impl\u00edcitas, e, por este meio, isenta e nega todas as outras garantias, incluindo, sem limita\u00e7\u00e3o, garantias impl\u00edcitas ou condi\u00e7\u00f5es de comercializa\u00e7\u00e3o, adequa\u00e7\u00e3o a um fim espec\u00edfico ou n\u00e3o viola\u00e7\u00e3o de propriedade intelectual ou outra viola\u00e7\u00e3o de direitos.\nAl\u00e9m disso, o Opulent Coast n\u00e3o garante ou faz qualquer representa\u00e7\u00e3o relativa \u00e0 precis\u00e3o, aos resultados prov\u00e1veis \u200b\u200bou \u00e0 confiabilidade do uso dos materiais em seu site ou de outra forma relacionado a esses materiais ou em sites vinculados a este site.<\/p><h3>Limita\u00e7\u00f5es<\/h3><p>Em nenhum caso o Opulent Coast ou seus fornecedores ser\u00e3o respons\u00e1veis \u200b\u200bpor quaisquer danos (incluindo, sem limita\u00e7\u00e3o, danos por perda de dados ou lucro ou devido a interrup\u00e7\u00e3o dos neg\u00f3cios) decorrentes do uso ou da incapacidade de usar os materiais em Opulent Coast, mesmo que Opulent Coast ou um representante autorizado da Opulent Coast tenha sido notificado oralmente ou por escrito da possibilidade de tais danos. Como algumas jurisdi\u00e7\u00f5es n\u00e3o permitem limita\u00e7\u00f5es em garantias impl\u00edcitas, ou limita\u00e7\u00f5es de responsabilidade por danos conseq\u00fcentes ou incidentais, essas limita\u00e7\u00f5es podem n\u00e3o se aplicar a voc\u00ea.<\/p><h3>Precis\u00e3o dos materiais<\/h3><p>Os materiais exibidos no site da Opulent Coast podem incluir erros t\u00e9cnicos, tipogr\u00e1ficos ou fotogr\u00e1ficos. Opulent Coast n\u00e3o garante que qualquer material em seu site seja preciso, completo ou atual. Opulent Coast pode fazer altera\u00e7\u00f5es nos materiais contidos em seu site a qualquer momento, sem aviso pr\u00e9vio. No entanto, Opulent Coast n\u00e3o se compromete a atualizar os materiais.<\/p><h3>Links<\/h3><p>O Opulent Coast n\u00e3o analisou todos os sites vinculados ao seu site e n\u00e3o \u00e9 respons\u00e1vel pelo conte\u00fado de nenhum site vinculado. A inclus\u00e3o de qualquer link n\u00e3o implica endosso por Opulent Coast do site. O uso de qualquer site vinculado \u00e9 por conta e risco do usu\u00e1rio.<\/p><h3>Modifica\u00e7\u00f5es<\/h3><p>O Opulent Coast pode revisar estes termos de servi\u00e7o do site a qualquer momento, sem aviso pr\u00e9vio. Ao usar este site, voc\u00ea concorda em ficar vinculado \u00e0 vers\u00e3o atual desses termos de servi\u00e7o.<\/p><h3>Lei aplic\u00e1vel<\/h3><p>Estes termos e condi\u00e7\u00f5es s\u00e3o regidos e interpretados de acordo com as leis do Opulent Coast e voc\u00ea se submete irrevogavelmente \u00e0 jurisdi\u00e7\u00e3o exclusiva dos tribunais naquele estado ou localidade.<\/p>\t\t\t\t\t\t<\/div>\n\t\t\t\t<\/div>\n\t\t\t\t\t<\/div>\n\t\t<\/div>\n\t\t\t\t\t\t\t<\/div>\n\t\t<\/section>\n\t\t\t\t\t\t\t<\/div>","protected":false},"excerpt":{"rendered":"<p>Legal Notice Terms By accessing the Opulent Coast website, you agree to comply with these terms of service, all applicable laws and regulations, and agree that you are responsible for compliance with any applicable local laws. If you do not agree with any of these terms, you are prohibited from using or accessing this site. [&hellip;]<\/p>","protected":false},"author":1,"featured_media":0,"parent":0,"menu_order":0,"comment_status":"closed","ping_status":"closed","template":"elementor_header_footer","meta":{"footnotes":""},"class_list":["post-149","page","type-page","status-publish","hentry"],"yoast_head":"<!-- This site is optimized with the Yoast SEO plugin v20.11 - https:\/\/yoast.com\/wordpress\/plugins\/seo\/ -->\n<title>Legal Notice - Opulent Coast<\/title>\n<meta name=\"robots\" content=\"index, follow, max-snippet:-1, max-image-preview:large, max-video-preview:-1\" \/>\n<link rel=\"canonical\" href=\"https:\/\/opulentcoast.com\/pt\/legal-notice\/\" \/>\n<meta property=\"og:locale\" content=\"pt_PT\" \/>\n<meta property=\"og:type\" content=\"article\" \/>\n<meta property=\"og:title\" content=\"Legal Notice - Opulent Coast\" \/>\n<meta property=\"og:description\" content=\"Legal Notice Terms By accessing the Opulent Coast website, you agree to comply with these terms of service, all applicable laws and regulations, and agree that you are responsible for compliance with any applicable local laws. If you do not agree with any of these terms, you are prohibited from using or accessing this site. [&hellip;]\" \/>\n<meta property=\"og:url\" content=\"https:\/\/opulentcoast.com\/pt\/legal-notice\/\" \/>\n<meta property=\"og:site_name\" content=\"Opulent Coast\" \/>\n<meta property=\"article:modified_time\" content=\"2023-04-21T17:53:09+00:00\" \/>\n<meta name=\"twitter:card\" content=\"summary_large_image\" \/>\n<meta name=\"twitter:label1\" content=\"Tempo estimado de leitura\" \/>\n\t<meta name=\"twitter:data1\" content=\"4 minutos\" \/>\n<script type=\"application\/ld+json\" class=\"yoast-schema-graph\">{\"@context\":\"https:\/\/schema.org\",\"@graph\":[{\"@type\":\"WebPage\",\"@id\":\"https:\/\/opulentcoast.com\/legal-notice\/\",\"url\":\"https:\/\/opulentcoast.com\/legal-notice\/\",\"name\":\"Legal Notice - Opulent Coast\",\"isPartOf\":{\"@id\":\"https:\/\/opulentcoast.com\/#website\"},\"datePublished\":\"2023-03-22T19:14:04+00:00\",\"dateModified\":\"2023-04-21T17:53:09+00:00\",\"breadcrumb\":{\"@id\":\"https:\/\/opulentcoast.com\/legal-notice\/#breadcrumb\"},\"inLanguage\":\"pt-PT\",\"potentialAction\":[{\"@type\":\"ReadAction\",\"target\":[\"https:\/\/opulentcoast.com\/legal-notice\/\"]}]},{\"@type\":\"BreadcrumbList\",\"@id\":\"https:\/\/opulentcoast.com\/legal-notice\/#breadcrumb\",\"itemListElement\":[{\"@type\":\"ListItem\",\"position\":1,\"name\":\"In\u00edcio\",\"item\":\"https:\/\/opulentcoast.com\/\"},{\"@type\":\"ListItem\",\"position\":2,\"name\":\"Legal Notice\"}]},{\"@type\":\"WebSite\",\"@id\":\"https:\/\/opulentcoast.com\/#website\",\"url\":\"https:\/\/opulentcoast.com\/\",\"name\":\"Opulent Coast\",\"description\":\"Welcome to your Home at Ilha da Madeira\",\"publisher\":{\"@id\":\"https:\/\/opulentcoast.com\/#organization\"},\"potentialAction\":[{\"@type\":\"SearchAction\",\"target\":{\"@type\":\"EntryPoint\",\"urlTemplate\":\"https:\/\/opulentcoast.com\/?s={search_term_string}\"},\"query-input\":\"required name=search_term_string\"}],\"inLanguage\":\"pt-PT\"},{\"@type\":\"Organization\",\"@id\":\"https:\/\/opulentcoast.com\/#organization\",\"name\":\"Opulent Coast\",\"url\":\"https:\/\/opulentcoast.com\/\",\"logo\":{\"@type\":\"ImageObject\",\"inLanguage\":\"pt-PT\",\"@id\":\"https:\/\/opulentcoast.com\/#\/schema\/logo\/image\/\",\"url\":\"https:\/\/opulentcoast.com\/wp-content\/uploads\/2022\/12\/Opulent-Coast-Logotipo.webp\",\"contentUrl\":\"https:\/\/opulentcoast.com\/wp-content\/uploads\/2022\/12\/Opulent-Coast-Logotipo.webp\",\"width\":2217,\"height\":313,\"caption\":\"Opulent Coast\"},\"image\":{\"@id\":\"https:\/\/opulentcoast.com\/#\/schema\/logo\/image\/\"}}]}<\/script>\n<!-- \/ Yoast SEO plugin. -->","yoast_head_json":{"title":"Legal Notice - Opulent Coast","robots":{"index":"index","follow":"follow","max-snippet":"max-snippet:-1","max-image-preview":"max-image-preview:large","max-video-preview":"max-video-preview:-1"},"canonical":"https:\/\/opulentcoast.com\/pt\/legal-notice\/","og_locale":"pt_PT","og_type":"article","og_title":"Legal Notice - Opulent Coast","og_description":"Legal Notice Terms By accessing the Opulent Coast website, you agree to comply with these terms of service, all applicable laws and regulations, and agree that you are responsible for compliance with any applicable local laws. If you do not agree with any of these terms, you are prohibited from using or accessing this site. [&hellip;]","og_url":"https:\/\/opulentcoast.com\/pt\/legal-notice\/","og_site_name":"Opulent Coast","article_modified_time":"2023-04-21T17:53:09+00:00","twitter_card":"summary_large_image","twitter_misc":{"Tempo estimado de leitura":"4 minutos"},"schema":{"@context":"https:\/\/schema.org","@graph":[{"@type":"WebPage","@id":"https:\/\/opulentcoast.com\/legal-notice\/","url":"https:\/\/opulentcoast.com\/legal-notice\/","name":"Legal Notice - Opulent Coast","isPartOf":{"@id":"https:\/\/opulentcoast.com\/#website"},"datePublished":"2023-03-22T19:14:04+00:00","dateModified":"2023-04-21T17:53:09+00:00","breadcrumb":{"@id":"https:\/\/opulentcoast.com\/legal-notice\/#breadcrumb"},"inLanguage":"pt-PT","potentialAction":[{"@type":"ReadAction","target":["https:\/\/opulentcoast.com\/legal-notice\/"]}]},{"@type":"BreadcrumbList","@id":"https:\/\/opulentcoast.com\/legal-notice\/#breadcrumb","itemListElement":[{"@type":"ListItem","position":1,"name":"In\u00edcio","item":"https:\/\/opulentcoast.com\/"},{"@type":"ListItem","position":2,"name":"Legal Notice"}]},{"@type":"WebSite","@id":"https:\/\/opulentcoast.com\/#website","url":"https:\/\/opulentcoast.com\/","name":"Opulent Coast","description":"Welcome to your Home at Ilha da Madeira","publisher":{"@id":"https:\/\/opulentcoast.com\/#organization"},"potentialAction":[{"@type":"SearchAction","target":{"@type":"EntryPoint","urlTemplate":"https:\/\/opulentcoast.com\/?s={search_term_string}"},"query-input":"required name=search_term_string"}],"inLanguage":"pt-PT"},{"@type":"Organization","@id":"https:\/\/opulentcoast.com\/#organization","name":"Opulent Coast","url":"https:\/\/opulentcoast.com\/","logo":{"@type":"ImageObject","inLanguage":"pt-PT","@id":"https:\/\/opulentcoast.com\/#\/schema\/logo\/image\/","url":"https:\/\/opulentcoast.com\/wp-content\/uploads\/2022\/12\/Opulent-Coast-Logotipo.webp","contentUrl":"https:\/\/opulentcoast.com\/wp-content\/uploads\/2022\/12\/Opulent-Coast-Logotipo.webp","width":2217,"height":313,"caption":"Opulent Coast"},"image":{"@id":"https:\/\/opulentcoast.com\/#\/schema\/logo\/image\/"}}]}},"_links":{"self":[{"href":"https:\/\/opulentcoast.com\/pt\/wp-json\/wp\/v2\/pages\/149","targetHints":{"allow":["GET"]}}],"collection":[{"href":"https:\/\/opulentcoast.com\/pt\/wp-json\/wp\/v2\/pages"}],"about":[{"href":"https:\/\/opulentcoast.com\/pt\/wp-json\/wp\/v2\/types\/page"}],"author":[{"embeddable":true,"href":"https:\/\/opulentcoast.com\/pt\/wp-json\/wp\/v2\/users\/1"}],"replies":[{"embeddable":true,"href":"https:\/\/opulentcoast.com\/pt\/wp-json\/wp\/v2\/comments?post=149"}],"version-history":[{"count":12,"href":"https:\/\/opulentcoast.com\/pt\/wp-json\/wp\/v2\/pages\/149\/revisions"}],"predecessor-version":[{"id":750,"href":"https:\/\/opulentcoast.com\/pt\/wp-json\/wp\/v2\/pages\/149\/revisions\/750"}],"wp:attachment":[{"href":"https:\/\/opulentcoast.com\/pt\/wp-json\/wp\/v2\/media?parent=149"}],"curies":[{"name":"wp","href":"https:\/\/api.w.org\/{rel}","templated":true}]}}