{"id":3,"date":"2022-12-02T23:20:58","date_gmt":"2022-12-02T23:20:58","guid":{"rendered":"https:\/\/opulentcoast.com\/?page_id=3"},"modified":"2023-04-21T17:55:42","modified_gmt":"2023-04-21T17:55:42","slug":"privacy-policy","status":"publish","type":"page","link":"https:\/\/opulentcoast.com\/pt\/privacy-policy\/","title":{"rendered":"Pol\u00edtica de Privacidade"},"content":{"rendered":"<div data-elementor-type=\"wp-page\" data-elementor-id=\"3\" class=\"elementor elementor-3\" data-elementor-post-type=\"page\">\n\t\t\t\t\t\t\t\t\t<section class=\"elementor-section elementor-top-section elementor-element elementor-element-dbb9c10 elementor-section-height-min-height elementor-section-boxed elementor-section-height-default elementor-section-items-middle\" data-id=\"dbb9c10\" data-element_type=\"section\" data-settings=\"{&quot;background_background&quot;:&quot;classic&quot;}\">\n\t\t\t\t\t\t<div class=\"elementor-container elementor-column-gap-default\">\n\t\t\t\t\t<div class=\"elementor-column elementor-col-100 elementor-top-column elementor-element elementor-element-fef07bd\" data-id=\"fef07bd\" data-element_type=\"column\">\n\t\t\t<div class=\"elementor-widget-wrap elementor-element-populated\">\n\t\t\t\t\t\t\t\t<div class=\"elementor-element elementor-element-70a8bf6 elementor-widget elementor-widget-heading\" data-id=\"70a8bf6\" data-element_type=\"widget\" data-widget_type=\"heading.default\">\n\t\t\t\t<div class=\"elementor-widget-container\">\n\t\t\t<style>\/*! elementor - v3.14.0 - 26-06-2023 *\/\n.elementor-heading-title{padding:0;margin:0;line-height:1}.elementor-widget-heading .elementor-heading-title[class*=elementor-size-]>a{color:inherit;font-size:inherit;line-height:inherit}.elementor-widget-heading .elementor-heading-title.elementor-size-small{font-size:15px}.elementor-widget-heading .elementor-heading-title.elementor-size-medium{font-size:19px}.elementor-widget-heading .elementor-heading-title.elementor-size-large{font-size:29px}.elementor-widget-heading .elementor-heading-title.elementor-size-xl{font-size:39px}.elementor-widget-heading .elementor-heading-title.elementor-size-xxl{font-size:59px}<\/style><h2 class=\"elementor-heading-title elementor-size-default\">Pol\u00edtica de Privacidade<\/h2>\t\t<\/div>\n\t\t\t\t<\/div>\n\t\t\t\t\t<\/div>\n\t\t<\/div>\n\t\t\t\t\t\t\t<\/div>\n\t\t<\/section>\n\t\t\t\t<section class=\"elementor-section elementor-top-section elementor-element elementor-element-9449c9d elementor-section-boxed elementor-section-height-default elementor-section-height-default\" data-id=\"9449c9d\" data-element_type=\"section\">\n\t\t\t\t\t\t<div class=\"elementor-container elementor-column-gap-default\">\n\t\t\t\t\t<div class=\"elementor-column elementor-col-100 elementor-top-column elementor-element elementor-element-84f4998\" data-id=\"84f4998\" data-element_type=\"column\">\n\t\t\t<div class=\"elementor-widget-wrap elementor-element-populated\">\n\t\t\t\t\t\t\t\t<div class=\"elementor-element elementor-element-e1d894f elementor-widget elementor-widget-text-editor\" data-id=\"e1d894f\" data-element_type=\"widget\" data-widget_type=\"text-editor.default\">\n\t\t\t\t<div class=\"elementor-widget-container\">\n\t\t\t<style>\/*! elementor - v3.14.0 - 26-06-2023 *\/\n.elementor-widget-text-editor.elementor-drop-cap-view-stacked .elementor-drop-cap{background-color:#69727d;color:#fff}.elementor-widget-text-editor.elementor-drop-cap-view-framed .elementor-drop-cap{color:#69727d;border:3px solid;background-color:transparent}.elementor-widget-text-editor:not(.elementor-drop-cap-view-default) .elementor-drop-cap{margin-top:8px}.elementor-widget-text-editor:not(.elementor-drop-cap-view-default) .elementor-drop-cap-letter{width:1em;height:1em}.elementor-widget-text-editor .elementor-drop-cap{float:left;text-align:center;line-height:1;font-size:50px}.elementor-widget-text-editor .elementor-drop-cap-letter{display:inline-block}<\/style>\t\t\t\t<h3>Pol\u00edtica de Privacidade<\/h3><p>A sua privacidade \u00e9 importante para n\u00f3s. \u00c9 pol\u00edtica do Opulent Coast respeitar a sua privacidade em rela\u00e7\u00e3o a qualquer informa\u00e7\u00e3o sua que possamos coletar no site Opulent Coast, e outros sites que possu\u00edmos e operamos.<\/p><p>Solicitamos informa\u00e7\u00f5es pessoais apenas quando realmente precisamos delas para lhe fornecer um servi\u00e7o. Fazemo-lo por meios justos e legais, com o seu conhecimento e consentimento. Tamb\u00e9m informamos por que estamos coletando e como ser\u00e1 usado.<\/p><p>Apenas retemos as informa\u00e7\u00f5es coletadas pelo tempo necess\u00e1rio para fornecer o servi\u00e7o solicitado. Quando armazenamos dados, protegemos dentro de meios comercialmente aceit\u00e1veis para evitar perdas e roubos, bem como acesso, divulga\u00e7\u00e3o, c\u00f3pia, uso ou modifica\u00e7\u00e3o n\u00e3o autorizados.<\/p><p>N\u00e3o compartilhamos informa\u00e7\u00f5es de identifica\u00e7\u00e3o pessoal publicamente ou com terceiros, exceto quando exigido por lei.<\/p><p>O nosso site pode ter links para sites externos que n\u00e3o s\u00e3o operados por n\u00f3s. Esteja ciente de que n\u00e3o temos controle sobre o conte\u00fado e pr\u00e1ticas desses sites e n\u00e3o podemos aceitar responsabilidade por suas respectivas pol\u00edticas de privacidade.<\/p><p>Voc\u00ea \u00e9 livre para recusar a nossa solicita\u00e7\u00e3o de informa\u00e7\u00f5es pessoais, entendendo que talvez n\u00e3o possamos fornecer alguns dos servi\u00e7os desejados.<\/p><p>O uso continuado de nosso site ser\u00e1 considerado como aceita\u00e7\u00e3o de nossas pr\u00e1ticas em torno de privacidade e informa\u00e7\u00f5es pessoais. Se voc\u00ea tiver alguma d\u00favida sobre como lidamos com dados do usu\u00e1rio e informa\u00e7\u00f5es pessoais, entre em contacto connosco.<\/p><h3>Compromisso do Usu\u00e1rio<\/h3><p>O usu\u00e1rio se compromete a fazer uso adequado dos conte\u00fados e da informa\u00e7\u00e3o que o Opulent Coast oferece no site e com car\u00e1ter enunciativo, mas n\u00e3o limitativo:<\/p><p>A) N\u00e3o se envolver em atividades que sejam ilegais ou contr\u00e1rias \u00e0 boa f\u00e9 a \u00e0 ordem p\u00fablica;\nB) N\u00e3o difundir propaganda ou conte\u00fado de natureza racista, xenof\u00f3bica, qualquer tipo de pornografia ilegal, de apologia ao terrorismo ou contra os direitos humanos;\nC) N\u00e3o causar danos aos sistemas f\u00edsicos (hardwares) e l\u00f3gicos (softwares) do Opulent Coast, de seus fornecedores ou terceiros, para introduzir ou disseminar v\u00edrus inform\u00e1ticos ou quaisquer outros sistemas de hardware ou software que sejam capazes de causar danos anteriormente mencionados.<\/p><h3>Mais informa\u00e7\u00f5es<\/h3><p>Esperemos que esteja esclarecido e, como mencionado anteriormente, se houver algo que voc\u00ea n\u00e3o tem certeza se precisa ou n\u00e3o, geralmente \u00e9 mais seguro deixar os cookies ativados, caso interaja com um dos recursos que voc\u00ea usa em nosso site.<\/p><p>Esta pol\u00edtica \u00e9 efetiva a partir de 23 Mar\u00e7o 2023<\/p>\t\t\t\t\t\t<\/div>\n\t\t\t\t<\/div>\n\t\t\t\t\t<\/div>\n\t\t<\/div>\n\t\t\t\t\t\t\t<\/div>\n\t\t<\/section>\n\t\t\t\t\t\t\t<\/div>","protected":false},"excerpt":{"rendered":"<p>Privacy Policy Privacy Policy Your privacy is important to us. It is Opulent Coast&#8217;s policy to respect your privacy regarding any information we may collect from you across the Opulent Coast website and other sites we own and operate. We only ask for personal information when we truly need it to provide a service to [&hellip;]<\/p>","protected":false},"author":1,"featured_media":0,"parent":0,"menu_order":0,"comment_status":"closed","ping_status":"closed","template":"elementor_header_footer","meta":{"footnotes":""},"class_list":["post-3","page","type-page","status-publish","hentry"],"yoast_head":"<!-- This site is optimized with the Yoast SEO plugin v20.11 - https:\/\/yoast.com\/wordpress\/plugins\/seo\/ -->\n<title>Privacy Policy - Opulent Coast<\/title>\n<meta name=\"robots\" content=\"index, follow, max-snippet:-1, max-image-preview:large, max-video-preview:-1\" \/>\n<link rel=\"canonical\" href=\"https:\/\/opulentcoast.com\/pt\/privacy-policy\/\" \/>\n<meta property=\"og:locale\" content=\"pt_PT\" \/>\n<meta property=\"og:type\" content=\"article\" \/>\n<meta property=\"og:title\" content=\"Privacy Policy - Opulent Coast\" \/>\n<meta property=\"og:description\" content=\"Privacy Policy Privacy Policy Your privacy is important to us. It is Opulent Coast&#8217;s policy to respect your privacy regarding any information we may collect from you across the Opulent Coast website and other sites we own and operate. We only ask for personal information when we truly need it to provide a service to [&hellip;]\" \/>\n<meta property=\"og:url\" content=\"https:\/\/opulentcoast.com\/pt\/privacy-policy\/\" \/>\n<meta property=\"og:site_name\" content=\"Opulent Coast\" \/>\n<meta property=\"article:modified_time\" content=\"2023-04-21T17:55:42+00:00\" \/>\n<meta name=\"twitter:card\" content=\"summary_large_image\" \/>\n<meta name=\"twitter:label1\" content=\"Tempo estimado de leitura\" \/>\n\t<meta name=\"twitter:data1\" content=\"3 minutos\" \/>\n<script type=\"application\/ld+json\" class=\"yoast-schema-graph\">{\"@context\":\"https:\/\/schema.org\",\"@graph\":[{\"@type\":\"WebPage\",\"@id\":\"https:\/\/opulentcoast.com\/privacy-policy\/\",\"url\":\"https:\/\/opulentcoast.com\/privacy-policy\/\",\"name\":\"Privacy Policy - Opulent Coast\",\"isPartOf\":{\"@id\":\"https:\/\/opulentcoast.com\/#website\"},\"datePublished\":\"2022-12-02T23:20:58+00:00\",\"dateModified\":\"2023-04-21T17:55:42+00:00\",\"breadcrumb\":{\"@id\":\"https:\/\/opulentcoast.com\/privacy-policy\/#breadcrumb\"},\"inLanguage\":\"pt-PT\",\"potentialAction\":[{\"@type\":\"ReadAction\",\"target\":[\"https:\/\/opulentcoast.com\/privacy-policy\/\"]}]},{\"@type\":\"BreadcrumbList\",\"@id\":\"https:\/\/opulentcoast.com\/privacy-policy\/#breadcrumb\",\"itemListElement\":[{\"@type\":\"ListItem\",\"position\":1,\"name\":\"In\u00edcio\",\"item\":\"https:\/\/opulentcoast.com\/\"},{\"@type\":\"ListItem\",\"position\":2,\"name\":\"Privacy Policy\"}]},{\"@type\":\"WebSite\",\"@id\":\"https:\/\/opulentcoast.com\/#website\",\"url\":\"https:\/\/opulentcoast.com\/\",\"name\":\"Opulent Coast\",\"description\":\"Welcome to your Home at Ilha da Madeira\",\"publisher\":{\"@id\":\"https:\/\/opulentcoast.com\/#organization\"},\"potentialAction\":[{\"@type\":\"SearchAction\",\"target\":{\"@type\":\"EntryPoint\",\"urlTemplate\":\"https:\/\/opulentcoast.com\/?s={search_term_string}\"},\"query-input\":\"required name=search_term_string\"}],\"inLanguage\":\"pt-PT\"},{\"@type\":\"Organization\",\"@id\":\"https:\/\/opulentcoast.com\/#organization\",\"name\":\"Opulent Coast\",\"url\":\"https:\/\/opulentcoast.com\/\",\"logo\":{\"@type\":\"ImageObject\",\"inLanguage\":\"pt-PT\",\"@id\":\"https:\/\/opulentcoast.com\/#\/schema\/logo\/image\/\",\"url\":\"https:\/\/opulentcoast.com\/wp-content\/uploads\/2022\/12\/Opulent-Coast-Logotipo.webp\",\"contentUrl\":\"https:\/\/opulentcoast.com\/wp-content\/uploads\/2022\/12\/Opulent-Coast-Logotipo.webp\",\"width\":2217,\"height\":313,\"caption\":\"Opulent Coast\"},\"image\":{\"@id\":\"https:\/\/opulentcoast.com\/#\/schema\/logo\/image\/\"}}]}<\/script>\n<!-- \/ Yoast SEO plugin. -->","yoast_head_json":{"title":"Privacy Policy - Opulent Coast","robots":{"index":"index","follow":"follow","max-snippet":"max-snippet:-1","max-image-preview":"max-image-preview:large","max-video-preview":"max-video-preview:-1"},"canonical":"https:\/\/opulentcoast.com\/pt\/privacy-policy\/","og_locale":"pt_PT","og_type":"article","og_title":"Privacy Policy - Opulent Coast","og_description":"Privacy Policy Privacy Policy Your privacy is important to us. It is Opulent Coast&#8217;s policy to respect your privacy regarding any information we may collect from you across the Opulent Coast website and other sites we own and operate. We only ask for personal information when we truly need it to provide a service to [&hellip;]","og_url":"https:\/\/opulentcoast.com\/pt\/privacy-policy\/","og_site_name":"Opulent Coast","article_modified_time":"2023-04-21T17:55:42+00:00","twitter_card":"summary_large_image","twitter_misc":{"Tempo estimado de leitura":"3 minutos"},"schema":{"@context":"https:\/\/schema.org","@graph":[{"@type":"WebPage","@id":"https:\/\/opulentcoast.com\/privacy-policy\/","url":"https:\/\/opulentcoast.com\/privacy-policy\/","name":"Privacy Policy - Opulent Coast","isPartOf":{"@id":"https:\/\/opulentcoast.com\/#website"},"datePublished":"2022-12-02T23:20:58+00:00","dateModified":"2023-04-21T17:55:42+00:00","breadcrumb":{"@id":"https:\/\/opulentcoast.com\/privacy-policy\/#breadcrumb"},"inLanguage":"pt-PT","potentialAction":[{"@type":"ReadAction","target":["https:\/\/opulentcoast.com\/privacy-policy\/"]}]},{"@type":"BreadcrumbList","@id":"https:\/\/opulentcoast.com\/privacy-policy\/#breadcrumb","itemListElement":[{"@type":"ListItem","position":1,"name":"In\u00edcio","item":"https:\/\/opulentcoast.com\/"},{"@type":"ListItem","position":2,"name":"Privacy Policy"}]},{"@type":"WebSite","@id":"https:\/\/opulentcoast.com\/#website","url":"https:\/\/opulentcoast.com\/","name":"Opulent Coast","description":"Welcome to your Home at Ilha da Madeira","publisher":{"@id":"https:\/\/opulentcoast.com\/#organization"},"potentialAction":[{"@type":"SearchAction","target":{"@type":"EntryPoint","urlTemplate":"https:\/\/opulentcoast.com\/?s={search_term_string}"},"query-input":"required name=search_term_string"}],"inLanguage":"pt-PT"},{"@type":"Organization","@id":"https:\/\/opulentcoast.com\/#organization","name":"Opulent Coast","url":"https:\/\/opulentcoast.com\/","logo":{"@type":"ImageObject","inLanguage":"pt-PT","@id":"https:\/\/opulentcoast.com\/#\/schema\/logo\/image\/","url":"https:\/\/opulentcoast.com\/wp-content\/uploads\/2022\/12\/Opulent-Coast-Logotipo.webp","contentUrl":"https:\/\/opulentcoast.com\/wp-content\/uploads\/2022\/12\/Opulent-Coast-Logotipo.webp","width":2217,"height":313,"caption":"Opulent Coast"},"image":{"@id":"https:\/\/opulentcoast.com\/#\/schema\/logo\/image\/"}}]}},"_links":{"self":[{"href":"https:\/\/opulentcoast.com\/pt\/wp-json\/wp\/v2\/pages\/3","targetHints":{"allow":["GET"]}}],"collection":[{"href":"https:\/\/opulentcoast.com\/pt\/wp-json\/wp\/v2\/pages"}],"about":[{"href":"https:\/\/opulentcoast.com\/pt\/wp-json\/wp\/v2\/types\/page"}],"author":[{"embeddable":true,"href":"https:\/\/opulentcoast.com\/pt\/wp-json\/wp\/v2\/users\/1"}],"replies":[{"embeddable":true,"href":"https:\/\/opulentcoast.com\/pt\/wp-json\/wp\/v2\/comments?post=3"}],"version-history":[{"count":31,"href":"https:\/\/opulentcoast.com\/pt\/wp-json\/wp\/v2\/pages\/3\/revisions"}],"predecessor-version":[{"id":757,"href":"https:\/\/opulentcoast.com\/pt\/wp-json\/wp\/v2\/pages\/3\/revisions\/757"}],"wp:attachment":[{"href":"https:\/\/opulentcoast.com\/pt\/wp-json\/wp\/v2\/media?parent=3"}],"curies":[{"name":"wp","href":"https:\/\/api.w.org\/{rel}","templated":true}]}}