{"id":472,"date":"2023-04-21T15:19:51","date_gmt":"2023-04-21T15:19:51","guid":{"rendered":"https:\/\/opulentcoast.com\/?page_id=472"},"modified":"2023-07-20T15:10:38","modified_gmt":"2023-07-20T15:10:38","slug":"access-to-events","status":"publish","type":"page","link":"https:\/\/opulentcoast.com\/pt\/access-to-events\/","title":{"rendered":"Acesso a Eventos"},"content":{"rendered":"<div data-elementor-type=\"wp-page\" data-elementor-id=\"472\" class=\"elementor elementor-472\" data-elementor-post-type=\"page\">\n\t\t\t\t\t\t\t\t\t<section class=\"elementor-section elementor-top-section elementor-element elementor-element-26e0b0c3 elementor-section-height-min-height elementor-section-items-bottom elementor-section-boxed elementor-section-height-default\" data-id=\"26e0b0c3\" data-element_type=\"section\" data-settings=\"{&quot;background_background&quot;:&quot;classic&quot;,&quot;background_motion_fx_motion_fx_scrolling&quot;:&quot;yes&quot;,&quot;background_motion_fx_devices&quot;:[&quot;desktop&quot;,&quot;laptop&quot;,&quot;tablet&quot;,&quot;mobile&quot;]}\">\n\t\t\t\t\t\t\t<div class=\"elementor-background-overlay\"><\/div>\n\t\t\t\t\t\t\t<div class=\"elementor-container elementor-column-gap-default\">\n\t\t\t\t\t<div class=\"elementor-column elementor-col-100 elementor-top-column elementor-element elementor-element-665cb870\" data-id=\"665cb870\" data-element_type=\"column\">\n\t\t\t<div class=\"elementor-widget-wrap elementor-element-populated\">\n\t\t\t\t\t\t\t\t<div class=\"elementor-element elementor-element-4a1c3a6e elementor-widget elementor-widget-heading\" data-id=\"4a1c3a6e\" data-element_type=\"widget\" data-widget_type=\"heading.default\">\n\t\t\t\t<div class=\"elementor-widget-container\">\n\t\t\t<style>\/*! elementor - v3.14.0 - 26-06-2023 *\/\n.elementor-heading-title{padding:0;margin:0;line-height:1}.elementor-widget-heading .elementor-heading-title[class*=elementor-size-]>a{color:inherit;font-size:inherit;line-height:inherit}.elementor-widget-heading .elementor-heading-title.elementor-size-small{font-size:15px}.elementor-widget-heading .elementor-heading-title.elementor-size-medium{font-size:19px}.elementor-widget-heading .elementor-heading-title.elementor-size-large{font-size:29px}.elementor-widget-heading .elementor-heading-title.elementor-size-xl{font-size:39px}.elementor-widget-heading .elementor-heading-title.elementor-size-xxl{font-size:59px}<\/style><h1 class=\"elementor-heading-title elementor-size-default\"><i>Acesso a<\/i><br>\nEventos<\/h1>\t\t<\/div>\n\t\t\t\t<\/div>\n\t\t\t\t<div class=\"elementor-element elementor-element-7b5dcdb0 elementor-widget elementor-widget-text-editor\" data-id=\"7b5dcdb0\" data-element_type=\"widget\" data-widget_type=\"text-editor.default\">\n\t\t\t\t<div class=\"elementor-widget-container\">\n\t\t\t<style>\/*! elementor - v3.14.0 - 26-06-2023 *\/\n.elementor-widget-text-editor.elementor-drop-cap-view-stacked .elementor-drop-cap{background-color:#69727d;color:#fff}.elementor-widget-text-editor.elementor-drop-cap-view-framed .elementor-drop-cap{color:#69727d;border:3px solid;background-color:transparent}.elementor-widget-text-editor:not(.elementor-drop-cap-view-default) .elementor-drop-cap{margin-top:8px}.elementor-widget-text-editor:not(.elementor-drop-cap-view-default) .elementor-drop-cap-letter{width:1em;height:1em}.elementor-widget-text-editor .elementor-drop-cap{float:left;text-align:center;line-height:1;font-size:50px}.elementor-widget-text-editor .elementor-drop-cap-letter{display:inline-block}<\/style>\t\t\t\t<p class=\" translation-block\">Descubra o vibrante panorama art\u00edstico, cultural, <br>e desportivo da Madeira com acesso privilegiado.<\/p>\t\t\t\t\t\t<\/div>\n\t\t\t\t<\/div>\n\t\t\t\t\t<\/div>\n\t\t<\/div>\n\t\t\t\t\t\t\t<\/div>\n\t\t<\/section>\n\t\t\t\t<section class=\"elementor-section elementor-top-section elementor-element elementor-element-1d5db1d elementor-section-boxed elementor-section-height-default elementor-section-height-default\" data-id=\"1d5db1d\" data-element_type=\"section\">\n\t\t\t\t\t\t<div class=\"elementor-container elementor-column-gap-default\">\n\t\t\t\t\t<div class=\"elementor-column elementor-col-100 elementor-top-column elementor-element elementor-element-4a61560\" data-id=\"4a61560\" data-element_type=\"column\">\n\t\t\t<div class=\"elementor-widget-wrap elementor-element-populated\">\n\t\t\t\t\t\t\t\t<div class=\"elementor-element elementor-element-73d7124 elementor-widget elementor-widget-heading\" data-id=\"73d7124\" data-element_type=\"widget\" data-widget_type=\"heading.default\">\n\t\t\t\t<div class=\"elementor-widget-container\">\n\t\t\t<h1 class=\"elementor-heading-title elementor-size-default\">COMO PODEMOS AJUDAR?<\/h1>\t\t<\/div>\n\t\t\t\t<\/div>\n\t\t\t\t<section class=\"elementor-section elementor-inner-section elementor-element elementor-element-a9434f2 elementor-section-boxed elementor-section-height-default elementor-section-height-default\" data-id=\"a9434f2\" data-element_type=\"section\">\n\t\t\t\t\t\t<div class=\"elementor-container elementor-column-gap-default\">\n\t\t\t\t\t<div class=\"elementor-column elementor-col-33 elementor-inner-column elementor-element elementor-element-ff4a924\" data-id=\"ff4a924\" data-element_type=\"column\">\n\t\t\t<div class=\"elementor-widget-wrap elementor-element-populated\">\n\t\t\t\t\t\t\t\t<div class=\"elementor-element elementor-element-84dc85a premium-flip-style-fade elementor-widget elementor-widget-premium-addon-flip-box\" data-id=\"84dc85a\" data-element_type=\"widget\" data-widget_type=\"premium-addon-flip-box.default\">\n\t\t\t\t<div class=\"elementor-widget-container\">\n\t\t\t\r\n\t<div class=\"premium-flip-main-box\">\r\n\t\t<div class=\"premium-flip-front premium-flip-front\">\r\n\t\t\t<div class=\"premium-flip-front-overlay\">\r\n\t\t\t\t<div class=\"premium-flip-front-content-container\">\r\n\t\t\t\t\t<div class=\"premium-flip-text-wrapper\">\r\n\t\t\t\t\t\t\r\n\t\t\t\t\t\t\t\t\t\t\t\t\t<h3 class=\"premium-flip-front-title\">\r\n\t\t\t\t\t\t\t\t<i>ARTE<\/i>\t\t\t\t\t\t\t<\/h3>\r\n\t\t\t\t\t\t\r\n\t\t\t\t\t\t\t\t\t\t\t<\/div>\r\n\t\t\t\t<\/div>\r\n\t\t\t<\/div>\r\n\t\t<\/div>\r\n\r\n\t\t<div class=\"premium-flip-back premium-flip-back\">\r\n\t\t\t<div class=\"premium-flip-back-overlay\">\r\n\t\t\t\t<div class=\"premium-flip-back-content-container\">\r\n\t\t\t\t\t\r\n\t\t\t\t\t<div class=\"premium-flip-back-text-wrapper\">\r\n\r\n\t\t\t\t\t\t\r\n\t\t\t\t\t\t\t\t\t\t\t\t\t<h3 class=\"premium-flip-back-title\">\r\n\t\t\t\t\t\t\t\t<i>ARTE<\/i>\t\t\t\t\t\t\t<\/h3>\r\n\t\t\t\t\t\t\r\n\t\t\t\t\t\t\t\t\t\t\t\t\t<span class=\"premium-flip-back-description\">\r\n\t\t\t\t\t\t\t\tExplore o panorama art\u00edstico da Madeira com acesso a galerias, exposi\u00e7\u00f5es e eventos exclusivos.\t\t\t\t\t\t\t<\/span>\r\n\t\t\t\t\t\t\r\n\t\t\t\t\t\t\t\t\t\t\t<\/div>\r\n\t\t\t\t<\/div>\r\n\t\t\t<\/div>\r\n\t\t<\/div>\r\n\t<\/div>\r\n\r\n\t\t\t\t<\/div>\n\t\t\t\t<\/div>\n\t\t\t\t\t<\/div>\n\t\t<\/div>\n\t\t\t\t<div class=\"elementor-column elementor-col-33 elementor-inner-column elementor-element elementor-element-7ee86a0\" data-id=\"7ee86a0\" data-element_type=\"column\">\n\t\t\t<div class=\"elementor-widget-wrap elementor-element-populated\">\n\t\t\t\t\t\t\t\t<div class=\"elementor-element elementor-element-a66246b premium-flip-style-fade elementor-widget elementor-widget-premium-addon-flip-box\" data-id=\"a66246b\" data-element_type=\"widget\" data-widget_type=\"premium-addon-flip-box.default\">\n\t\t\t\t<div class=\"elementor-widget-container\">\n\t\t\t\r\n\t<div class=\"premium-flip-main-box\">\r\n\t\t<div class=\"premium-flip-front premium-flip-front\">\r\n\t\t\t<div class=\"premium-flip-front-overlay\">\r\n\t\t\t\t<div class=\"premium-flip-front-content-container\">\r\n\t\t\t\t\t<div class=\"premium-flip-text-wrapper\">\r\n\t\t\t\t\t\t\r\n\t\t\t\t\t\t\t\t\t\t\t\t\t<h3 class=\"premium-flip-front-title\">\r\n\t\t\t\t\t\t\t\t<i>CULTURA<\/i>\t\t\t\t\t\t\t<\/h3>\r\n\t\t\t\t\t\t\r\n\t\t\t\t\t\t\t\t\t\t\t<\/div>\r\n\t\t\t\t<\/div>\r\n\t\t\t<\/div>\r\n\t\t<\/div>\r\n\r\n\t\t<div class=\"premium-flip-back premium-flip-back\">\r\n\t\t\t<div class=\"premium-flip-back-overlay\">\r\n\t\t\t\t<div class=\"premium-flip-back-content-container\">\r\n\t\t\t\t\t\r\n\t\t\t\t\t<div class=\"premium-flip-back-text-wrapper\">\r\n\r\n\t\t\t\t\t\t\r\n\t\t\t\t\t\t\t\t\t\t\t\t\t<h3 class=\"premium-flip-back-title\">\r\n\t\t\t\t\t\t\t\t<i>CULTURA<\/i>\t\t\t\t\t\t\t<\/h3>\r\n\t\t\t\t\t\t\r\n\t\t\t\t\t\t\t\t\t\t\t\t\t<span class=\"premium-flip-back-description\">\r\n\t\t\t\t\t\t\t\tMergulhe na rica cultura da ilha atrav\u00e9s de performances, festivais e experi\u00eancias aut\u00eanticas.\t\t\t\t\t\t\t<\/span>\r\n\t\t\t\t\t\t\r\n\t\t\t\t\t\t\t\t\t\t\t<\/div>\r\n\t\t\t\t<\/div>\r\n\t\t\t<\/div>\r\n\t\t<\/div>\r\n\t<\/div>\r\n\r\n\t\t\t\t<\/div>\n\t\t\t\t<\/div>\n\t\t\t\t\t<\/div>\n\t\t<\/div>\n\t\t\t\t<div class=\"elementor-column elementor-col-33 elementor-inner-column elementor-element elementor-element-0f2e6ba\" data-id=\"0f2e6ba\" data-element_type=\"column\">\n\t\t\t<div class=\"elementor-widget-wrap elementor-element-populated\">\n\t\t\t\t\t\t\t\t<div class=\"elementor-element elementor-element-3932a72 premium-flip-style-fade elementor-widget elementor-widget-premium-addon-flip-box\" data-id=\"3932a72\" data-element_type=\"widget\" data-widget_type=\"premium-addon-flip-box.default\">\n\t\t\t\t<div class=\"elementor-widget-container\">\n\t\t\t\r\n\t<div class=\"premium-flip-main-box\">\r\n\t\t<div class=\"premium-flip-front premium-flip-front\">\r\n\t\t\t<div class=\"premium-flip-front-overlay\">\r\n\t\t\t\t<div class=\"premium-flip-front-content-container\">\r\n\t\t\t\t\t<div class=\"premium-flip-text-wrapper\">\r\n\t\t\t\t\t\t\r\n\t\t\t\t\t\t\t\t\t\t\t\t\t<h3 class=\"premium-flip-front-title\">\r\n\t\t\t\t\t\t\t\t<i>DESPORTO<\/i>\t\t\t\t\t\t\t<\/h3>\r\n\t\t\t\t\t\t\r\n\t\t\t\t\t\t\t\t\t\t\t<\/div>\r\n\t\t\t\t<\/div>\r\n\t\t\t<\/div>\r\n\t\t<\/div>\r\n\r\n\t\t<div class=\"premium-flip-back premium-flip-back\">\r\n\t\t\t<div class=\"premium-flip-back-overlay\">\r\n\t\t\t\t<div class=\"premium-flip-back-content-container\">\r\n\t\t\t\t\t\r\n\t\t\t\t\t<div class=\"premium-flip-back-text-wrapper\">\r\n\r\n\t\t\t\t\t\t\r\n\t\t\t\t\t\t\t\t\t\t\t\t\t<h3 class=\"premium-flip-back-title\">\r\n\t\t\t\t\t\t\t\t<i>DESPORTO<\/i>\t\t\t\t\t\t\t<\/h3>\r\n\t\t\t\t\t\t\r\n\t\t\t\t\t\t\t\t\t\t\t\t\t<span class=\"premium-flip-back-description\">\r\n\t\t\t\t\t\t\t\tDesfrute da emo\u00e7\u00e3o dos eventos desportivos e das atividades ao ar livre que a Madeira tem para oferecer.\t\t\t\t\t\t\t<\/span>\r\n\t\t\t\t\t\t\r\n\t\t\t\t\t\t\t\t\t\t\t<\/div>\r\n\t\t\t\t<\/div>\r\n\t\t\t<\/div>\r\n\t\t<\/div>\r\n\t<\/div>\r\n\r\n\t\t\t\t<\/div>\n\t\t\t\t<\/div>\n\t\t\t\t\t<\/div>\n\t\t<\/div>\n\t\t\t\t\t\t\t<\/div>\n\t\t<\/section>\n\t\t\t\t\t<\/div>\n\t\t<\/div>\n\t\t\t\t\t\t\t<\/div>\n\t\t<\/section>\n\t\t\t\t<section class=\"elementor-section elementor-top-section elementor-element elementor-element-957e716 elementor-section-content-top elementor-section-boxed elementor-section-height-default elementor-section-height-default\" data-id=\"957e716\" data-element_type=\"section\" data-settings=\"{&quot;background_background&quot;:&quot;classic&quot;}\">\n\t\t\t\t\t\t<div class=\"elementor-container elementor-column-gap-default\">\n\t\t\t\t\t<div class=\"elementor-column elementor-col-100 elementor-top-column elementor-element elementor-element-b7a5e97\" data-id=\"b7a5e97\" data-element_type=\"column\">\n\t\t\t<div class=\"elementor-widget-wrap elementor-element-populated\">\n\t\t\t\t\t\t\t\t<div class=\"elementor-element elementor-element-6e580c9 elementor-widget elementor-widget-heading\" data-id=\"6e580c9\" data-element_type=\"widget\" data-widget_type=\"heading.default\">\n\t\t\t\t<div class=\"elementor-widget-container\">\n\t\t\t<h2 class=\"elementor-heading-title elementor-size-default\">Tem alguma d\u00favida?<\/h2>\t\t<\/div>\n\t\t\t\t<\/div>\n\t\t\t\t<div class=\"elementor-element elementor-element-c4aa203 elementor-hidden-mobile elementor-widget elementor-widget-text-editor\" data-id=\"c4aa203\" data-element_type=\"widget\" data-widget_type=\"text-editor.default\">\n\t\t\t\t<div class=\"elementor-widget-container\">\n\t\t\t\t\t\t\t<p style=\"text-align: center;\" class=\" translation-block\">Entre em contato connosco atrav\u00e9s dos detalhes de contato abaixo<br>e n\u00f3s responderemos o mais breve poss\u00edvel.<\/p>\t\t\t\t\t\t<\/div>\n\t\t\t\t<\/div>\n\t\t\t\t<div class=\"elementor-element elementor-element-ff98963 elementor-hidden-desktop elementor-hidden-laptop elementor-hidden-tablet elementor-widget elementor-widget-text-editor\" data-id=\"ff98963\" data-element_type=\"widget\" data-widget_type=\"text-editor.default\">\n\t\t\t\t<div class=\"elementor-widget-container\">\n\t\t\t\t\t\t\t<p style=\"text-align: center;\" class=\" translation-block\">Entre em contato connosco atrav\u00e9s dos detalhes de contato abaixo<br>e n\u00f3s responderemos o mais breve poss\u00edvel.<\/p>\t\t\t\t\t\t<\/div>\n\t\t\t\t<\/div>\n\t\t\t\t<div class=\"elementor-element elementor-element-5363ebf elementor-align-center elementor-widget elementor-widget-button\" data-id=\"5363ebf\" data-element_type=\"widget\" data-widget_type=\"button.default\">\n\t\t\t\t<div class=\"elementor-widget-container\">\n\t\t\t\t\t<div class=\"elementor-button-wrapper\">\n\t\t\t<a class=\"elementor-button elementor-button-link elementor-size-sm\" href=\"https:\/\/opulentcoast.com\/pt\/contact-us\/\">\n\t\t\t\t\t\t<span class=\"elementor-button-content-wrapper\">\n\t\t\t\t\t\t<span class=\"elementor-button-text\">Contacte-nos<\/span>\n\t\t<\/span>\n\t\t\t\t\t<\/a>\n\t\t<\/div>\n\t\t\t\t<\/div>\n\t\t\t\t<\/div>\n\t\t\t\t\t<\/div>\n\t\t<\/div>\n\t\t\t\t\t\t\t<\/div>\n\t\t<\/section>\n\t\t\t\t\t\t\t<\/div>","protected":false},"excerpt":{"rendered":"<p>Access to Events Discover Madeira&#8217;s vibrant artistic, cultural, and sports scene with privileged access. HOW CAN WE ASSIST YOU? ART ART Explore Madeira&#8217;s art scene with access to galleries, exhibitions, and exclusive events. CULTURE CULTURE Immerse yourself in the island&#8217;s rich culture through performances, festivals, and authentic experiences. SPORTS SPORTS Enjoy the excitement of sports [&hellip;]<\/p>","protected":false},"author":2,"featured_media":0,"parent":0,"menu_order":0,"comment_status":"closed","ping_status":"closed","template":"","meta":{"footnotes":""},"class_list":["post-472","page","type-page","status-publish","hentry"],"yoast_head":"<!-- This site is optimized with the Yoast SEO plugin v20.11 - https:\/\/yoast.com\/wordpress\/plugins\/seo\/ -->\n<title>Access to Events - Opulent Coast<\/title>\n<meta name=\"description\" content=\"Discover Madeira&#039;s vibrant artistic, cultural, and sports scene with privileged access with Opulent Coast.\" \/>\n<meta name=\"robots\" content=\"index, follow, max-snippet:-1, max-image-preview:large, max-video-preview:-1\" \/>\n<link rel=\"canonical\" href=\"https:\/\/opulentcoast.com\/pt\/access-to-events\/\" \/>\n<meta property=\"og:locale\" content=\"pt_PT\" \/>\n<meta property=\"og:type\" content=\"article\" \/>\n<meta property=\"og:title\" content=\"Access to events - Opulent Coast\" \/>\n<meta property=\"og:description\" content=\"Discover Madeira&#039;s vibrant artistic, cultural, and sports scene with privileged access with Opulent Coast.\" \/>\n<meta property=\"og:url\" content=\"https:\/\/opulentcoast.com\/pt\/access-to-events\/\" \/>\n<meta property=\"og:site_name\" content=\"Opulent Coast\" \/>\n<meta property=\"article:modified_time\" content=\"2023-07-20T15:10:38+00:00\" \/>\n<meta name=\"twitter:card\" content=\"summary_large_image\" \/>\n<meta name=\"twitter:title\" content=\"Access to events - Opulent Coast\" \/>\n<meta name=\"twitter:description\" content=\"Discover Madeira&#039;s vibrant artistic, cultural, and sports scene with privileged access with Opulent Coast.\" \/>\n<meta name=\"twitter:label1\" content=\"Tempo estimado de leitura\" \/>\n\t<meta name=\"twitter:data1\" content=\"1 minuto\" \/>\n<script type=\"application\/ld+json\" class=\"yoast-schema-graph\">{\"@context\":\"https:\/\/schema.org\",\"@graph\":[{\"@type\":\"WebPage\",\"@id\":\"https:\/\/opulentcoast.com\/access-to-events\/\",\"url\":\"https:\/\/opulentcoast.com\/access-to-events\/\",\"name\":\"Access to Events - Opulent Coast\",\"isPartOf\":{\"@id\":\"https:\/\/opulentcoast.com\/#website\"},\"datePublished\":\"2023-04-21T15:19:51+00:00\",\"dateModified\":\"2023-07-20T15:10:38+00:00\",\"description\":\"Discover Madeira's vibrant artistic, cultural, and sports scene with privileged access with Opulent Coast.\",\"breadcrumb\":{\"@id\":\"https:\/\/opulentcoast.com\/access-to-events\/#breadcrumb\"},\"inLanguage\":\"pt-PT\",\"potentialAction\":[{\"@type\":\"ReadAction\",\"target\":[\"https:\/\/opulentcoast.com\/access-to-events\/\"]}]},{\"@type\":\"BreadcrumbList\",\"@id\":\"https:\/\/opulentcoast.com\/access-to-events\/#breadcrumb\",\"itemListElement\":[{\"@type\":\"ListItem\",\"position\":1,\"name\":\"In\u00edcio\",\"item\":\"https:\/\/opulentcoast.com\/\"},{\"@type\":\"ListItem\",\"position\":2,\"name\":\"Access to Events\"}]},{\"@type\":\"WebSite\",\"@id\":\"https:\/\/opulentcoast.com\/#website\",\"url\":\"https:\/\/opulentcoast.com\/\",\"name\":\"Opulent Coast\",\"description\":\"Welcome to your Home at Ilha da Madeira\",\"publisher\":{\"@id\":\"https:\/\/opulentcoast.com\/#organization\"},\"potentialAction\":[{\"@type\":\"SearchAction\",\"target\":{\"@type\":\"EntryPoint\",\"urlTemplate\":\"https:\/\/opulentcoast.com\/?s={search_term_string}\"},\"query-input\":\"required name=search_term_string\"}],\"inLanguage\":\"pt-PT\"},{\"@type\":\"Organization\",\"@id\":\"https:\/\/opulentcoast.com\/#organization\",\"name\":\"Opulent Coast\",\"url\":\"https:\/\/opulentcoast.com\/\",\"logo\":{\"@type\":\"ImageObject\",\"inLanguage\":\"pt-PT\",\"@id\":\"https:\/\/opulentcoast.com\/#\/schema\/logo\/image\/\",\"url\":\"https:\/\/opulentcoast.com\/wp-content\/uploads\/2022\/12\/Opulent-Coast-Logotipo.webp\",\"contentUrl\":\"https:\/\/opulentcoast.com\/wp-content\/uploads\/2022\/12\/Opulent-Coast-Logotipo.webp\",\"width\":2217,\"height\":313,\"caption\":\"Opulent Coast\"},\"image\":{\"@id\":\"https:\/\/opulentcoast.com\/#\/schema\/logo\/image\/\"}}]}<\/script>\n<!-- \/ Yoast SEO plugin. -->","yoast_head_json":{"title":"Access to Events - Opulent Coast","description":"Discover Madeira's vibrant artistic, cultural, and sports scene with privileged access with Opulent Coast.","robots":{"index":"index","follow":"follow","max-snippet":"max-snippet:-1","max-image-preview":"max-image-preview:large","max-video-preview":"max-video-preview:-1"},"canonical":"https:\/\/opulentcoast.com\/pt\/access-to-events\/","og_locale":"pt_PT","og_type":"article","og_title":"Access to events - Opulent Coast","og_description":"Discover Madeira's vibrant artistic, cultural, and sports scene with privileged access with Opulent Coast.","og_url":"https:\/\/opulentcoast.com\/pt\/access-to-events\/","og_site_name":"Opulent Coast","article_modified_time":"2023-07-20T15:10:38+00:00","twitter_card":"summary_large_image","twitter_title":"Access to events - Opulent Coast","twitter_description":"Discover Madeira's vibrant artistic, cultural, and sports scene with privileged access with Opulent Coast.","twitter_misc":{"Tempo estimado de leitura":"1 minuto"},"schema":{"@context":"https:\/\/schema.org","@graph":[{"@type":"WebPage","@id":"https:\/\/opulentcoast.com\/access-to-events\/","url":"https:\/\/opulentcoast.com\/access-to-events\/","name":"Access to Events - Opulent Coast","isPartOf":{"@id":"https:\/\/opulentcoast.com\/#website"},"datePublished":"2023-04-21T15:19:51+00:00","dateModified":"2023-07-20T15:10:38+00:00","description":"Discover Madeira's vibrant artistic, cultural, and sports scene with privileged access with Opulent Coast.","breadcrumb":{"@id":"https:\/\/opulentcoast.com\/access-to-events\/#breadcrumb"},"inLanguage":"pt-PT","potentialAction":[{"@type":"ReadAction","target":["https:\/\/opulentcoast.com\/access-to-events\/"]}]},{"@type":"BreadcrumbList","@id":"https:\/\/opulentcoast.com\/access-to-events\/#breadcrumb","itemListElement":[{"@type":"ListItem","position":1,"name":"In\u00edcio","item":"https:\/\/opulentcoast.com\/"},{"@type":"ListItem","position":2,"name":"Access to Events"}]},{"@type":"WebSite","@id":"https:\/\/opulentcoast.com\/#website","url":"https:\/\/opulentcoast.com\/","name":"Opulent Coast","description":"Welcome to your Home at Ilha da Madeira","publisher":{"@id":"https:\/\/opulentcoast.com\/#organization"},"potentialAction":[{"@type":"SearchAction","target":{"@type":"EntryPoint","urlTemplate":"https:\/\/opulentcoast.com\/?s={search_term_string}"},"query-input":"required name=search_term_string"}],"inLanguage":"pt-PT"},{"@type":"Organization","@id":"https:\/\/opulentcoast.com\/#organization","name":"Opulent Coast","url":"https:\/\/opulentcoast.com\/","logo":{"@type":"ImageObject","inLanguage":"pt-PT","@id":"https:\/\/opulentcoast.com\/#\/schema\/logo\/image\/","url":"https:\/\/opulentcoast.com\/wp-content\/uploads\/2022\/12\/Opulent-Coast-Logotipo.webp","contentUrl":"https:\/\/opulentcoast.com\/wp-content\/uploads\/2022\/12\/Opulent-Coast-Logotipo.webp","width":2217,"height":313,"caption":"Opulent Coast"},"image":{"@id":"https:\/\/opulentcoast.com\/#\/schema\/logo\/image\/"}}]}},"_links":{"self":[{"href":"https:\/\/opulentcoast.com\/pt\/wp-json\/wp\/v2\/pages\/472","targetHints":{"allow":["GET"]}}],"collection":[{"href":"https:\/\/opulentcoast.com\/pt\/wp-json\/wp\/v2\/pages"}],"about":[{"href":"https:\/\/opulentcoast.com\/pt\/wp-json\/wp\/v2\/types\/page"}],"author":[{"embeddable":true,"href":"https:\/\/opulentcoast.com\/pt\/wp-json\/wp\/v2\/users\/2"}],"replies":[{"embeddable":true,"href":"https:\/\/opulentcoast.com\/pt\/wp-json\/wp\/v2\/comments?post=472"}],"version-history":[{"count":40,"href":"https:\/\/opulentcoast.com\/pt\/wp-json\/wp\/v2\/pages\/472\/revisions"}],"predecessor-version":[{"id":969,"href":"https:\/\/opulentcoast.com\/pt\/wp-json\/wp\/v2\/pages\/472\/revisions\/969"}],"wp:attachment":[{"href":"https:\/\/opulentcoast.com\/pt\/wp-json\/wp\/v2\/media?parent=472"}],"curies":[{"name":"wp","href":"https:\/\/api.w.org\/{rel}","templated":true}]}}