{"id":474,"date":"2023-04-21T15:20:31","date_gmt":"2023-04-21T15:20:31","guid":{"rendered":"https:\/\/opulentcoast.com\/?page_id=474"},"modified":"2023-07-20T15:16:01","modified_gmt":"2023-07-20T15:16:01","slug":"real-estate","status":"publish","type":"page","link":"https:\/\/opulentcoast.com\/pt\/real-estate\/","title":{"rendered":"Imobili\u00e1rio"},"content":{"rendered":"<div data-elementor-type=\"wp-page\" data-elementor-id=\"474\" class=\"elementor elementor-474\" data-elementor-post-type=\"page\">\n\t\t\t\t\t\t\t\t\t<section class=\"elementor-section elementor-top-section elementor-element elementor-element-3299f990 elementor-section-height-min-height elementor-section-items-bottom elementor-section-boxed elementor-section-height-default\" data-id=\"3299f990\" data-element_type=\"section\" data-settings=\"{&quot;background_background&quot;:&quot;classic&quot;,&quot;background_motion_fx_motion_fx_scrolling&quot;:&quot;yes&quot;,&quot;background_motion_fx_devices&quot;:[&quot;desktop&quot;,&quot;laptop&quot;,&quot;tablet&quot;,&quot;mobile&quot;]}\">\n\t\t\t\t\t\t\t<div class=\"elementor-background-overlay\"><\/div>\n\t\t\t\t\t\t\t<div class=\"elementor-container elementor-column-gap-default\">\n\t\t\t\t\t<div class=\"elementor-column elementor-col-100 elementor-top-column elementor-element elementor-element-5ae49f88\" data-id=\"5ae49f88\" data-element_type=\"column\">\n\t\t\t<div class=\"elementor-widget-wrap elementor-element-populated\">\n\t\t\t\t\t\t\t\t<div class=\"elementor-element elementor-element-38a42be9 elementor-widget elementor-widget-heading\" data-id=\"38a42be9\" data-element_type=\"widget\" data-widget_type=\"heading.default\">\n\t\t\t\t<div class=\"elementor-widget-container\">\n\t\t\t<style>\/*! elementor - v3.14.0 - 26-06-2023 *\/\n.elementor-heading-title{padding:0;margin:0;line-height:1}.elementor-widget-heading .elementor-heading-title[class*=elementor-size-]>a{color:inherit;font-size:inherit;line-height:inherit}.elementor-widget-heading .elementor-heading-title.elementor-size-small{font-size:15px}.elementor-widget-heading .elementor-heading-title.elementor-size-medium{font-size:19px}.elementor-widget-heading .elementor-heading-title.elementor-size-large{font-size:29px}.elementor-widget-heading .elementor-heading-title.elementor-size-xl{font-size:39px}.elementor-widget-heading .elementor-heading-title.elementor-size-xxl{font-size:59px}<\/style><h1 class=\"elementor-heading-title elementor-size-default\"><i><br> <\/i><br>\nImobili\u00e1rio<\/h1>\t\t<\/div>\n\t\t\t\t<\/div>\n\t\t\t\t<div class=\"elementor-element elementor-element-173566f9 elementor-hidden-mobile elementor-widget elementor-widget-text-editor\" data-id=\"173566f9\" data-element_type=\"widget\" data-widget_type=\"text-editor.default\">\n\t\t\t\t<div class=\"elementor-widget-container\">\n\t\t\t<style>\/*! elementor - v3.14.0 - 26-06-2023 *\/\n.elementor-widget-text-editor.elementor-drop-cap-view-stacked .elementor-drop-cap{background-color:#69727d;color:#fff}.elementor-widget-text-editor.elementor-drop-cap-view-framed .elementor-drop-cap{color:#69727d;border:3px solid;background-color:transparent}.elementor-widget-text-editor:not(.elementor-drop-cap-view-default) .elementor-drop-cap{margin-top:8px}.elementor-widget-text-editor:not(.elementor-drop-cap-view-default) .elementor-drop-cap-letter{width:1em;height:1em}.elementor-widget-text-editor .elementor-drop-cap{float:left;text-align:center;line-height:1;font-size:50px}.elementor-widget-text-editor .elementor-drop-cap-letter{display:inline-block}<\/style>\t\t\t\t<p>Encontre o ref\u00fagio perfeito connosco.<\/p>\t\t\t\t\t\t<\/div>\n\t\t\t\t<\/div>\n\t\t\t\t<div class=\"elementor-element elementor-element-1d49b4f elementor-hidden-desktop elementor-hidden-laptop elementor-hidden-tablet elementor-widget elementor-widget-text-editor\" data-id=\"1d49b4f\" data-element_type=\"widget\" data-widget_type=\"text-editor.default\">\n\t\t\t\t<div class=\"elementor-widget-container\">\n\t\t\t\t\t\t\t<p>Encontre o ref\u00fagio perfeito connosco.<\/p>\t\t\t\t\t\t<\/div>\n\t\t\t\t<\/div>\n\t\t\t\t\t<\/div>\n\t\t<\/div>\n\t\t\t\t\t\t\t<\/div>\n\t\t<\/section>\n\t\t\t\t<section class=\"elementor-section elementor-top-section elementor-element elementor-element-54f16bd elementor-section-boxed elementor-section-height-default elementor-section-height-default\" data-id=\"54f16bd\" data-element_type=\"section\">\n\t\t\t\t\t\t<div class=\"elementor-container elementor-column-gap-default\">\n\t\t\t\t\t<div class=\"elementor-column elementor-col-100 elementor-top-column elementor-element elementor-element-1b1490d\" data-id=\"1b1490d\" data-element_type=\"column\">\n\t\t\t<div class=\"elementor-widget-wrap elementor-element-populated\">\n\t\t\t\t\t\t\t\t<div class=\"elementor-element elementor-element-cac32b0 elementor-widget elementor-widget-heading\" data-id=\"cac32b0\" data-element_type=\"widget\" data-widget_type=\"heading.default\">\n\t\t\t\t<div class=\"elementor-widget-container\">\n\t\t\t<h1 class=\"elementor-heading-title elementor-size-default\">COMO PODEMOS AJUDAR?<\/h1>\t\t<\/div>\n\t\t\t\t<\/div>\n\t\t\t\t<section class=\"elementor-section elementor-inner-section elementor-element elementor-element-ccd9ca3 elementor-section-boxed elementor-section-height-default elementor-section-height-default\" data-id=\"ccd9ca3\" data-element_type=\"section\">\n\t\t\t\t\t\t<div class=\"elementor-container elementor-column-gap-default\">\n\t\t\t\t\t<div class=\"elementor-column elementor-col-33 elementor-inner-column elementor-element elementor-element-0417760\" data-id=\"0417760\" data-element_type=\"column\">\n\t\t\t<div class=\"elementor-widget-wrap elementor-element-populated\">\n\t\t\t\t\t\t\t\t<div class=\"elementor-element elementor-element-1658adb premium-flip-style-fade elementor-widget elementor-widget-premium-addon-flip-box\" data-id=\"1658adb\" data-element_type=\"widget\" data-widget_type=\"premium-addon-flip-box.default\">\n\t\t\t\t<div class=\"elementor-widget-container\">\n\t\t\t\r\n\t<div class=\"premium-flip-main-box\">\r\n\t\t<div class=\"premium-flip-front premium-flip-front\">\r\n\t\t\t<div class=\"premium-flip-front-overlay\">\r\n\t\t\t\t<div class=\"premium-flip-front-content-container\">\r\n\t\t\t\t\t<div class=\"premium-flip-text-wrapper\">\r\n\t\t\t\t\t\t\r\n\t\t\t\t\t\t\t\t\t\t\t\t\t<h3 class=\"premium-flip-front-title translation-block\"><i>CONSULTORIA<\/i><br>IMOBILI\u00c1RIA<\/h3>\r\n\t\t\t\t\t\t\r\n\t\t\t\t\t\t\t\t\t\t\t<\/div>\r\n\t\t\t\t<\/div>\r\n\t\t\t<\/div>\r\n\t\t<\/div>\r\n\r\n\t\t<div class=\"premium-flip-back premium-flip-back\">\r\n\t\t\t<div class=\"premium-flip-back-overlay\">\r\n\t\t\t\t<div class=\"premium-flip-back-content-container\">\r\n\t\t\t\t\t\r\n\t\t\t\t\t<div class=\"premium-flip-back-text-wrapper\">\r\n\r\n\t\t\t\t\t\t\r\n\t\t\t\t\t\t\t\t\t\t\t\t\t<h3 class=\"premium-flip-back-title translation-block\"><i>CONSULTORIA<\/i><br>IMOBILI\u00c1RIA<\/h3>\r\n\t\t\t\t\t\t\r\n\t\t\t\t\t\t\t\t\t\t\t\t\t<span class=\"premium-flip-back-description\">\r\n\t\t\t\t\t\t\t\t<p>Encontre a sua casa de sonho com o nosso apoio.<\/p>\t\t\t\t\t\t\t<\/span>\r\n\t\t\t\t\t\t\r\n\t\t\t\t\t\t\t\t\t\t\t<\/div>\r\n\t\t\t\t<\/div>\r\n\t\t\t<\/div>\r\n\t\t<\/div>\r\n\t<\/div>\r\n\r\n\t\t\t\t<\/div>\n\t\t\t\t<\/div>\n\t\t\t\t\t<\/div>\n\t\t<\/div>\n\t\t\t\t<div class=\"elementor-column elementor-col-33 elementor-inner-column elementor-element elementor-element-1a8a001\" data-id=\"1a8a001\" data-element_type=\"column\">\n\t\t\t<div class=\"elementor-widget-wrap elementor-element-populated\">\n\t\t\t\t\t\t\t\t<div class=\"elementor-element elementor-element-31a77c7 premium-flip-style-fade elementor-widget elementor-widget-premium-addon-flip-box\" data-id=\"31a77c7\" data-element_type=\"widget\" data-widget_type=\"premium-addon-flip-box.default\">\n\t\t\t\t<div class=\"elementor-widget-container\">\n\t\t\t\r\n\t<div class=\"premium-flip-main-box\">\r\n\t\t<div class=\"premium-flip-front premium-flip-front\">\r\n\t\t\t<div class=\"premium-flip-front-overlay\">\r\n\t\t\t\t<div class=\"premium-flip-front-content-container\">\r\n\t\t\t\t\t<div class=\"premium-flip-text-wrapper\">\r\n\t\t\t\t\t\t\r\n\t\t\t\t\t\t\t\t\t\t\t\t\t<h3 class=\"premium-flip-front-title translation-block\"><i>RENOVA\u00c7\u00c3O<\/i><br>E DECORA\u00c7\u00c3O<\/h3>\r\n\t\t\t\t\t\t\r\n\t\t\t\t\t\t\t\t\t\t\t<\/div>\r\n\t\t\t\t<\/div>\r\n\t\t\t<\/div>\r\n\t\t<\/div>\r\n\r\n\t\t<div class=\"premium-flip-back premium-flip-back\">\r\n\t\t\t<div class=\"premium-flip-back-overlay\">\r\n\t\t\t\t<div class=\"premium-flip-back-content-container\">\r\n\t\t\t\t\t\r\n\t\t\t\t\t<div class=\"premium-flip-back-text-wrapper\">\r\n\r\n\t\t\t\t\t\t\r\n\t\t\t\t\t\t\t\t\t\t\t\t\t<h3 class=\"premium-flip-back-title translation-block\"><i>RENOVA\u00c7\u00c3O<\/i><br>E DECORA\u00c7\u00c3O<\/h3>\r\n\t\t\t\t\t\t\r\n\t\t\t\t\t\t\t\t\t\t\t\t\t<span class=\"premium-flip-back-description\">\r\n\t\t\t\t\t\t\t\t<p>Torne a sua propriedade numa obra de arte com o nosso aconselhamento, creatividade e inova\u00e7\u00e3o<\/p>\t\t\t\t\t\t\t<\/span>\r\n\t\t\t\t\t\t\r\n\t\t\t\t\t\t\t\t\t\t\t<\/div>\r\n\t\t\t\t<\/div>\r\n\t\t\t<\/div>\r\n\t\t<\/div>\r\n\t<\/div>\r\n\r\n\t\t\t\t<\/div>\n\t\t\t\t<\/div>\n\t\t\t\t\t<\/div>\n\t\t<\/div>\n\t\t\t\t<div class=\"elementor-column elementor-col-33 elementor-inner-column elementor-element elementor-element-ba44bf2\" data-id=\"ba44bf2\" data-element_type=\"column\" data-settings=\"{&quot;background_background&quot;:&quot;classic&quot;}\">\n\t\t\t<div class=\"elementor-widget-wrap elementor-element-populated\">\n\t\t\t\t\t\t\t\t<div class=\"elementor-element elementor-element-625cf1d premium-flip-style-fade elementor-widget elementor-widget-premium-addon-flip-box\" data-id=\"625cf1d\" data-element_type=\"widget\" data-widget_type=\"premium-addon-flip-box.default\">\n\t\t\t\t<div class=\"elementor-widget-container\">\n\t\t\t\r\n\t<div class=\"premium-flip-main-box\">\r\n\t\t<div class=\"premium-flip-front premium-flip-front\">\r\n\t\t\t<div class=\"premium-flip-front-overlay\">\r\n\t\t\t\t<div class=\"premium-flip-front-content-container\">\r\n\t\t\t\t\t<div class=\"premium-flip-text-wrapper\">\r\n\t\t\t\t\t\t\r\n\t\t\t\t\t\t\t\t\t\t\t\t\t<h3 class=\"premium-flip-front-title translation-block\"><i>ASSIST\u00caNCIA JUR\u00cdDICA<\/i><br> E FINANCEIRA<\/h3>\r\n\t\t\t\t\t\t\r\n\t\t\t\t\t\t\t\t\t\t\t<\/div>\r\n\t\t\t\t<\/div>\r\n\t\t\t<\/div>\r\n\t\t<\/div>\r\n\r\n\t\t<div class=\"premium-flip-back premium-flip-back\">\r\n\t\t\t<div class=\"premium-flip-back-overlay\">\r\n\t\t\t\t<div class=\"premium-flip-back-content-container\">\r\n\t\t\t\t\t\r\n\t\t\t\t\t<div class=\"premium-flip-back-text-wrapper\">\r\n\r\n\t\t\t\t\t\t\r\n\t\t\t\t\t\t\t\t\t\t\t\t\t<h3 class=\"premium-flip-back-title translation-block\"><i>ASSIST\u00caNCIA JUR\u00cdDICA<\/i><br> E FINANCEIRA<\/h3>\r\n\t\t\t\t\t\t\r\n\t\t\t\t\t\t\t\t\t\t\t\t\t<span class=\"premium-flip-back-description\">\r\n\t\t\t\t\t\t\t\tNavegue pelo processo de aquisi\u00e7\u00e3o com a ajuda dos nossos consultores jur\u00eddicos e financeiros.\t\t\t\t\t\t\t<\/span>\r\n\t\t\t\t\t\t\r\n\t\t\t\t\t\t\t\t\t\t\t<\/div>\r\n\t\t\t\t<\/div>\r\n\t\t\t<\/div>\r\n\t\t<\/div>\r\n\t<\/div>\r\n\r\n\t\t\t\t<\/div>\n\t\t\t\t<\/div>\n\t\t\t\t\t<\/div>\n\t\t<\/div>\n\t\t\t\t\t\t\t<\/div>\n\t\t<\/section>\n\t\t\t\t\t<\/div>\n\t\t<\/div>\n\t\t\t\t\t\t\t<\/div>\n\t\t<\/section>\n\t\t\t\t<section class=\"elementor-section elementor-top-section elementor-element elementor-element-0cc2b02 elementor-section-content-top elementor-section-boxed elementor-section-height-default elementor-section-height-default\" data-id=\"0cc2b02\" data-element_type=\"section\" data-settings=\"{&quot;background_background&quot;:&quot;classic&quot;}\">\n\t\t\t\t\t\t<div class=\"elementor-container elementor-column-gap-default\">\n\t\t\t\t\t<div class=\"elementor-column elementor-col-100 elementor-top-column elementor-element elementor-element-48f55de\" data-id=\"48f55de\" data-element_type=\"column\">\n\t\t\t<div class=\"elementor-widget-wrap elementor-element-populated\">\n\t\t\t\t\t\t\t\t<div class=\"elementor-element elementor-element-ede3815 elementor-widget elementor-widget-heading\" data-id=\"ede3815\" data-element_type=\"widget\" data-widget_type=\"heading.default\">\n\t\t\t\t<div class=\"elementor-widget-container\">\n\t\t\t<h2 class=\"elementor-heading-title elementor-size-default\">Tem alguma d\u00favida?<\/h2>\t\t<\/div>\n\t\t\t\t<\/div>\n\t\t\t\t<div class=\"elementor-element elementor-element-beafb83 elementor-hidden-mobile elementor-widget elementor-widget-text-editor\" data-id=\"beafb83\" data-element_type=\"widget\" data-widget_type=\"text-editor.default\">\n\t\t\t\t<div class=\"elementor-widget-container\">\n\t\t\t\t\t\t\t<p style=\"text-align: center;\" class=\" translation-block\">Entre em contato connosco atrav\u00e9s dos detalhes de contato abaixo<br>e n\u00f3s responderemos o mais breve poss\u00edvel.<\/p>\t\t\t\t\t\t<\/div>\n\t\t\t\t<\/div>\n\t\t\t\t<div class=\"elementor-element elementor-element-1b49a71 elementor-hidden-desktop elementor-hidden-laptop elementor-hidden-tablet elementor-widget elementor-widget-text-editor\" data-id=\"1b49a71\" data-element_type=\"widget\" data-widget_type=\"text-editor.default\">\n\t\t\t\t<div class=\"elementor-widget-container\">\n\t\t\t\t\t\t\t<p style=\"text-align: center;\" class=\" translation-block\">Entre em contato connosco atrav\u00e9s dos detalhes de contato abaixo<br>e n\u00f3s responderemos o mais breve poss\u00edvel.<\/p>\t\t\t\t\t\t<\/div>\n\t\t\t\t<\/div>\n\t\t\t\t<div class=\"elementor-element elementor-element-5833a41 elementor-align-center elementor-widget elementor-widget-button\" data-id=\"5833a41\" data-element_type=\"widget\" data-widget_type=\"button.default\">\n\t\t\t\t<div class=\"elementor-widget-container\">\n\t\t\t\t\t<div class=\"elementor-button-wrapper\">\n\t\t\t<a class=\"elementor-button elementor-button-link elementor-size-sm\" href=\"https:\/\/opulentcoast.com\/pt\/contact-us\/\">\n\t\t\t\t\t\t<span class=\"elementor-button-content-wrapper\">\n\t\t\t\t\t\t<span class=\"elementor-button-text\">Contacte-nos<\/span>\n\t\t<\/span>\n\t\t\t\t\t<\/a>\n\t\t<\/div>\n\t\t\t\t<\/div>\n\t\t\t\t<\/div>\n\t\t\t\t\t<\/div>\n\t\t<\/div>\n\t\t\t\t\t\t\t<\/div>\n\t\t<\/section>\n\t\t\t\t\t\t\t<\/div>","protected":false},"excerpt":{"rendered":"<p>Real Estate Find your perfect retreat with us. Find your perfect retreat with us. HOW CAN WE ASSIST YOU? PROCUREMENTAND CONSULTING PROCUREMENTAND CONSULTING Find your dream home with our guidance. RENOVATIONAND DECOR RENOVATIONAND DECOR Turn your property into a masterpiece with our expertise, creativity and innovation. LEGAL ANDFINANCIAL ADVICE LEGAL ANDFINANCIAL ADVICE Navigate the acquisition [&hellip;]<\/p>","protected":false},"author":2,"featured_media":0,"parent":0,"menu_order":0,"comment_status":"closed","ping_status":"closed","template":"","meta":{"footnotes":""},"class_list":["post-474","page","type-page","status-publish","hentry"],"yoast_head":"<!-- This site is optimized with the Yoast SEO plugin v20.11 - https:\/\/yoast.com\/wordpress\/plugins\/seo\/ -->\n<title>Real Estate - Opulent Coast<\/title>\n<meta name=\"description\" content=\"Find your perfect retreat with Opulent Coast&#039;s property experts, interior design and financial consulting.\" \/>\n<meta name=\"robots\" content=\"index, follow, max-snippet:-1, max-image-preview:large, max-video-preview:-1\" \/>\n<link rel=\"canonical\" href=\"https:\/\/opulentcoast.com\/pt\/real-estate\/\" \/>\n<meta property=\"og:locale\" content=\"pt_PT\" \/>\n<meta property=\"og:type\" content=\"article\" \/>\n<meta property=\"og:title\" content=\"Real Estate - Opulent Coast\" \/>\n<meta property=\"og:description\" content=\"Find your perfect retreat with Opulent Coast&#039;s property experts, interior design and financial consulting.\" \/>\n<meta property=\"og:url\" content=\"https:\/\/opulentcoast.com\/pt\/real-estate\/\" \/>\n<meta property=\"og:site_name\" content=\"Opulent Coast\" \/>\n<meta property=\"article:modified_time\" content=\"2023-07-20T15:16:01+00:00\" \/>\n<meta name=\"twitter:card\" content=\"summary_large_image\" \/>\n<meta name=\"twitter:title\" content=\"Real Estate - Opulent Coast\" \/>\n<meta name=\"twitter:description\" content=\"Find your perfect retreat with Opulent Coast&#039;s property experts, interior design and financial consulting.\" \/>\n<meta name=\"twitter:label1\" content=\"Tempo estimado de leitura\" \/>\n\t<meta name=\"twitter:data1\" content=\"1 minuto\" \/>\n<script type=\"application\/ld+json\" class=\"yoast-schema-graph\">{\"@context\":\"https:\/\/schema.org\",\"@graph\":[{\"@type\":\"WebPage\",\"@id\":\"https:\/\/opulentcoast.com\/real-estate\/\",\"url\":\"https:\/\/opulentcoast.com\/real-estate\/\",\"name\":\"Real Estate - Opulent Coast\",\"isPartOf\":{\"@id\":\"https:\/\/opulentcoast.com\/#website\"},\"datePublished\":\"2023-04-21T15:20:31+00:00\",\"dateModified\":\"2023-07-20T15:16:01+00:00\",\"description\":\"Find your perfect retreat with Opulent Coast's property experts, interior design and financial consulting.\",\"breadcrumb\":{\"@id\":\"https:\/\/opulentcoast.com\/real-estate\/#breadcrumb\"},\"inLanguage\":\"pt-PT\",\"potentialAction\":[{\"@type\":\"ReadAction\",\"target\":[\"https:\/\/opulentcoast.com\/real-estate\/\"]}]},{\"@type\":\"BreadcrumbList\",\"@id\":\"https:\/\/opulentcoast.com\/real-estate\/#breadcrumb\",\"itemListElement\":[{\"@type\":\"ListItem\",\"position\":1,\"name\":\"In\u00edcio\",\"item\":\"https:\/\/opulentcoast.com\/\"},{\"@type\":\"ListItem\",\"position\":2,\"name\":\"Real Estate\"}]},{\"@type\":\"WebSite\",\"@id\":\"https:\/\/opulentcoast.com\/#website\",\"url\":\"https:\/\/opulentcoast.com\/\",\"name\":\"Opulent Coast\",\"description\":\"Welcome to your Home at Ilha da Madeira\",\"publisher\":{\"@id\":\"https:\/\/opulentcoast.com\/#organization\"},\"potentialAction\":[{\"@type\":\"SearchAction\",\"target\":{\"@type\":\"EntryPoint\",\"urlTemplate\":\"https:\/\/opulentcoast.com\/?s={search_term_string}\"},\"query-input\":\"required name=search_term_string\"}],\"inLanguage\":\"pt-PT\"},{\"@type\":\"Organization\",\"@id\":\"https:\/\/opulentcoast.com\/#organization\",\"name\":\"Opulent Coast\",\"url\":\"https:\/\/opulentcoast.com\/\",\"logo\":{\"@type\":\"ImageObject\",\"inLanguage\":\"pt-PT\",\"@id\":\"https:\/\/opulentcoast.com\/#\/schema\/logo\/image\/\",\"url\":\"https:\/\/opulentcoast.com\/wp-content\/uploads\/2022\/12\/Opulent-Coast-Logotipo.webp\",\"contentUrl\":\"https:\/\/opulentcoast.com\/wp-content\/uploads\/2022\/12\/Opulent-Coast-Logotipo.webp\",\"width\":2217,\"height\":313,\"caption\":\"Opulent Coast\"},\"image\":{\"@id\":\"https:\/\/opulentcoast.com\/#\/schema\/logo\/image\/\"}}]}<\/script>\n<!-- \/ Yoast SEO plugin. -->","yoast_head_json":{"title":"Real Estate - Opulent Coast","description":"Find your perfect retreat with Opulent Coast's property experts, interior design and financial consulting.","robots":{"index":"index","follow":"follow","max-snippet":"max-snippet:-1","max-image-preview":"max-image-preview:large","max-video-preview":"max-video-preview:-1"},"canonical":"https:\/\/opulentcoast.com\/pt\/real-estate\/","og_locale":"pt_PT","og_type":"article","og_title":"Real Estate - Opulent Coast","og_description":"Find your perfect retreat with Opulent Coast's property experts, interior design and financial consulting.","og_url":"https:\/\/opulentcoast.com\/pt\/real-estate\/","og_site_name":"Opulent Coast","article_modified_time":"2023-07-20T15:16:01+00:00","twitter_card":"summary_large_image","twitter_title":"Real Estate - Opulent Coast","twitter_description":"Find your perfect retreat with Opulent Coast's property experts, interior design and financial consulting.","twitter_misc":{"Tempo estimado de leitura":"1 minuto"},"schema":{"@context":"https:\/\/schema.org","@graph":[{"@type":"WebPage","@id":"https:\/\/opulentcoast.com\/real-estate\/","url":"https:\/\/opulentcoast.com\/real-estate\/","name":"Real Estate - Opulent Coast","isPartOf":{"@id":"https:\/\/opulentcoast.com\/#website"},"datePublished":"2023-04-21T15:20:31+00:00","dateModified":"2023-07-20T15:16:01+00:00","description":"Find your perfect retreat with Opulent Coast's property experts, interior design and financial consulting.","breadcrumb":{"@id":"https:\/\/opulentcoast.com\/real-estate\/#breadcrumb"},"inLanguage":"pt-PT","potentialAction":[{"@type":"ReadAction","target":["https:\/\/opulentcoast.com\/real-estate\/"]}]},{"@type":"BreadcrumbList","@id":"https:\/\/opulentcoast.com\/real-estate\/#breadcrumb","itemListElement":[{"@type":"ListItem","position":1,"name":"In\u00edcio","item":"https:\/\/opulentcoast.com\/"},{"@type":"ListItem","position":2,"name":"Real Estate"}]},{"@type":"WebSite","@id":"https:\/\/opulentcoast.com\/#website","url":"https:\/\/opulentcoast.com\/","name":"Opulent Coast","description":"Welcome to your Home at Ilha da Madeira","publisher":{"@id":"https:\/\/opulentcoast.com\/#organization"},"potentialAction":[{"@type":"SearchAction","target":{"@type":"EntryPoint","urlTemplate":"https:\/\/opulentcoast.com\/?s={search_term_string}"},"query-input":"required name=search_term_string"}],"inLanguage":"pt-PT"},{"@type":"Organization","@id":"https:\/\/opulentcoast.com\/#organization","name":"Opulent Coast","url":"https:\/\/opulentcoast.com\/","logo":{"@type":"ImageObject","inLanguage":"pt-PT","@id":"https:\/\/opulentcoast.com\/#\/schema\/logo\/image\/","url":"https:\/\/opulentcoast.com\/wp-content\/uploads\/2022\/12\/Opulent-Coast-Logotipo.webp","contentUrl":"https:\/\/opulentcoast.com\/wp-content\/uploads\/2022\/12\/Opulent-Coast-Logotipo.webp","width":2217,"height":313,"caption":"Opulent Coast"},"image":{"@id":"https:\/\/opulentcoast.com\/#\/schema\/logo\/image\/"}}]}},"_links":{"self":[{"href":"https:\/\/opulentcoast.com\/pt\/wp-json\/wp\/v2\/pages\/474","targetHints":{"allow":["GET"]}}],"collection":[{"href":"https:\/\/opulentcoast.com\/pt\/wp-json\/wp\/v2\/pages"}],"about":[{"href":"https:\/\/opulentcoast.com\/pt\/wp-json\/wp\/v2\/types\/page"}],"author":[{"embeddable":true,"href":"https:\/\/opulentcoast.com\/pt\/wp-json\/wp\/v2\/users\/2"}],"replies":[{"embeddable":true,"href":"https:\/\/opulentcoast.com\/pt\/wp-json\/wp\/v2\/comments?post=474"}],"version-history":[{"count":46,"href":"https:\/\/opulentcoast.com\/pt\/wp-json\/wp\/v2\/pages\/474\/revisions"}],"predecessor-version":[{"id":975,"href":"https:\/\/opulentcoast.com\/pt\/wp-json\/wp\/v2\/pages\/474\/revisions\/975"}],"wp:attachment":[{"href":"https:\/\/opulentcoast.com\/pt\/wp-json\/wp\/v2\/media?parent=474"}],"curies":[{"name":"wp","href":"https:\/\/api.w.org\/{rel}","templated":true}]}}