{"id":478,"date":"2023-04-21T15:21:16","date_gmt":"2023-04-21T15:21:16","guid":{"rendered":"https:\/\/opulentcoast.com\/?page_id=478"},"modified":"2023-07-20T15:36:00","modified_gmt":"2023-07-20T15:36:00","slug":"business","status":"publish","type":"page","link":"https:\/\/opulentcoast.com\/pt\/business\/","title":{"rendered":"Business"},"content":{"rendered":"<div data-elementor-type=\"wp-page\" data-elementor-id=\"478\" class=\"elementor elementor-478\" data-elementor-post-type=\"page\">\n\t\t\t\t\t\t\t\t\t<section class=\"elementor-section elementor-top-section elementor-element elementor-element-43a37233 elementor-section-height-min-height elementor-section-items-bottom elementor-section-boxed elementor-section-height-default\" data-id=\"43a37233\" data-element_type=\"section\" data-settings=\"{&quot;background_background&quot;:&quot;classic&quot;,&quot;background_motion_fx_motion_fx_scrolling&quot;:&quot;yes&quot;,&quot;background_motion_fx_devices&quot;:[&quot;desktop&quot;,&quot;laptop&quot;,&quot;tablet&quot;,&quot;mobile&quot;]}\">\n\t\t\t\t\t\t\t<div class=\"elementor-background-overlay\"><\/div>\n\t\t\t\t\t\t\t<div class=\"elementor-container elementor-column-gap-default\">\n\t\t\t\t\t<div class=\"elementor-column elementor-col-100 elementor-top-column elementor-element elementor-element-39c9270\" data-id=\"39c9270\" data-element_type=\"column\">\n\t\t\t<div class=\"elementor-widget-wrap elementor-element-populated\">\n\t\t\t\t\t\t\t\t<div class=\"elementor-element elementor-element-38d6888b elementor-widget elementor-widget-heading\" data-id=\"38d6888b\" data-element_type=\"widget\" data-widget_type=\"heading.default\">\n\t\t\t\t<div class=\"elementor-widget-container\">\n\t\t\t<style>\/*! elementor - v3.14.0 - 26-06-2023 *\/\n.elementor-heading-title{padding:0;margin:0;line-height:1}.elementor-widget-heading .elementor-heading-title[class*=elementor-size-]>a{color:inherit;font-size:inherit;line-height:inherit}.elementor-widget-heading .elementor-heading-title.elementor-size-small{font-size:15px}.elementor-widget-heading .elementor-heading-title.elementor-size-medium{font-size:19px}.elementor-widget-heading .elementor-heading-title.elementor-size-large{font-size:29px}.elementor-widget-heading .elementor-heading-title.elementor-size-xl{font-size:39px}.elementor-widget-heading .elementor-heading-title.elementor-size-xxl{font-size:59px}<\/style><h1 class=\"elementor-heading-title elementor-size-default\">Business<\/h1>\t\t<\/div>\n\t\t\t\t<\/div>\n\t\t\t\t<div class=\"elementor-element elementor-element-46938d99 elementor-hidden-mobile elementor-widget__width-initial elementor-widget elementor-widget-text-editor\" data-id=\"46938d99\" data-element_type=\"widget\" data-widget_type=\"text-editor.default\">\n\t\t\t\t<div class=\"elementor-widget-container\">\n\t\t\t<style>\/*! elementor - v3.14.0 - 26-06-2023 *\/\n.elementor-widget-text-editor.elementor-drop-cap-view-stacked .elementor-drop-cap{background-color:#69727d;color:#fff}.elementor-widget-text-editor.elementor-drop-cap-view-framed .elementor-drop-cap{color:#69727d;border:3px solid;background-color:transparent}.elementor-widget-text-editor:not(.elementor-drop-cap-view-default) .elementor-drop-cap{margin-top:8px}.elementor-widget-text-editor:not(.elementor-drop-cap-view-default) .elementor-drop-cap-letter{width:1em;height:1em}.elementor-widget-text-editor .elementor-drop-cap{float:left;text-align:center;line-height:1;font-size:50px}.elementor-widget-text-editor .elementor-drop-cap-letter{display:inline-block}<\/style>\t\t\t\t<p>Desde encontrar os locais perfeitos at\u00e9 organizar eventos empresariais inesquec\u00edveis, garantimos que cada detalhe seja cuidadosamente selecionado para criar experi\u00eancias impactantes.<\/p>\t\t\t\t\t\t<\/div>\n\t\t\t\t<\/div>\n\t\t\t\t<div class=\"elementor-element elementor-element-45c5dac elementor-hidden-desktop elementor-hidden-laptop elementor-hidden-tablet elementor-widget__width-initial elementor-widget elementor-widget-text-editor\" data-id=\"45c5dac\" data-element_type=\"widget\" data-widget_type=\"text-editor.default\">\n\t\t\t\t<div class=\"elementor-widget-container\">\n\t\t\t\t\t\t\t<p>Desde encontrar os locais perfeitos at\u00e9 organizar eventos empresariais inesquec\u00edveis, garantimos que cada detalhe seja cuidadosamente selecionado para criar experi\u00eancias impactantes.<\/p>\t\t\t\t\t\t<\/div>\n\t\t\t\t<\/div>\n\t\t\t\t\t<\/div>\n\t\t<\/div>\n\t\t\t\t\t\t\t<\/div>\n\t\t<\/section>\n\t\t\t\t<section class=\"elementor-section elementor-top-section elementor-element elementor-element-bf91b09 elementor-section-boxed elementor-section-height-default elementor-section-height-default\" data-id=\"bf91b09\" data-element_type=\"section\">\n\t\t\t\t\t\t<div class=\"elementor-container elementor-column-gap-default\">\n\t\t\t\t\t<div class=\"elementor-column elementor-col-100 elementor-top-column elementor-element elementor-element-58d77b7\" data-id=\"58d77b7\" data-element_type=\"column\">\n\t\t\t<div class=\"elementor-widget-wrap elementor-element-populated\">\n\t\t\t\t\t\t\t\t<div class=\"elementor-element elementor-element-d1b0ec6 elementor-widget elementor-widget-heading\" data-id=\"d1b0ec6\" data-element_type=\"widget\" data-widget_type=\"heading.default\">\n\t\t\t\t<div class=\"elementor-widget-container\">\n\t\t\t<h1 class=\"elementor-heading-title elementor-size-default\">COMO PODEMOS AJUDAR?<\/h1>\t\t<\/div>\n\t\t\t\t<\/div>\n\t\t\t\t<section class=\"elementor-section elementor-inner-section elementor-element elementor-element-15d9733 elementor-section-boxed elementor-section-height-default elementor-section-height-default\" data-id=\"15d9733\" data-element_type=\"section\">\n\t\t\t\t\t\t<div class=\"elementor-container elementor-column-gap-default\">\n\t\t\t\t\t<div class=\"elementor-column elementor-col-50 elementor-inner-column elementor-element elementor-element-ab1a7ed\" data-id=\"ab1a7ed\" data-element_type=\"column\">\n\t\t\t<div class=\"elementor-widget-wrap elementor-element-populated\">\n\t\t\t\t\t\t\t\t<div class=\"elementor-element elementor-element-1153955 premium-flip-style-fade elementor-widget elementor-widget-premium-addon-flip-box\" data-id=\"1153955\" data-element_type=\"widget\" data-widget_type=\"premium-addon-flip-box.default\">\n\t\t\t\t<div class=\"elementor-widget-container\">\n\t\t\t\r\n\t<div class=\"premium-flip-main-box\">\r\n\t\t<div class=\"premium-flip-front premium-flip-front\">\r\n\t\t\t<div class=\"premium-flip-front-overlay\">\r\n\t\t\t\t<div class=\"premium-flip-front-content-container\">\r\n\t\t\t\t\t<div class=\"premium-flip-text-wrapper\">\r\n\t\t\t\t\t\t\r\n\t\t\t\t\t\t\t\t\t\t\t\t\t<h3 class=\"premium-flip-front-title translation-block\"><i>EVENTOS<\/i><br>EMPRESARIAIS<\/h3>\r\n\t\t\t\t\t\t\r\n\t\t\t\t\t\t\t\t\t\t\t<\/div>\r\n\t\t\t\t<\/div>\r\n\t\t\t<\/div>\r\n\t\t<\/div>\r\n\r\n\t\t<div class=\"premium-flip-back premium-flip-back\">\r\n\t\t\t<div class=\"premium-flip-back-overlay\">\r\n\t\t\t\t<div class=\"premium-flip-back-content-container\">\r\n\t\t\t\t\t\r\n\t\t\t\t\t<div class=\"premium-flip-back-text-wrapper\">\r\n\r\n\t\t\t\t\t\t\r\n\t\t\t\t\t\t\t\t\t\t\t\t\t<h3 class=\"premium-flip-back-title translation-block\"><i>EVENTOS<\/i><br>EMPRESARIAIS<\/h3>\r\n\t\t\t\t\t\t\r\n\t\t\t\t\t\t\t\t\t\t\t\t\t<span class=\"premium-flip-back-description\">\r\n\t\t\t\t\t\t\t\tCrie momentos memor\u00e1veis \u200b\u200bpara a sua empresa com eventos empresariais excepcionais e personalizados.\t\t\t\t\t\t\t<\/span>\r\n\t\t\t\t\t\t\r\n\t\t\t\t\t\t\t\t\t\t\t<\/div>\r\n\t\t\t\t<\/div>\r\n\t\t\t<\/div>\r\n\t\t<\/div>\r\n\t<\/div>\r\n\r\n\t\t\t\t<\/div>\n\t\t\t\t<\/div>\n\t\t\t\t\t<\/div>\n\t\t<\/div>\n\t\t\t\t<div class=\"elementor-column elementor-col-50 elementor-inner-column elementor-element elementor-element-b22da81\" data-id=\"b22da81\" data-element_type=\"column\">\n\t\t\t<div class=\"elementor-widget-wrap elementor-element-populated\">\n\t\t\t\t\t\t\t\t<div class=\"elementor-element elementor-element-67e4f78 premium-flip-style-fade elementor-widget elementor-widget-premium-addon-flip-box\" data-id=\"67e4f78\" data-element_type=\"widget\" data-widget_type=\"premium-addon-flip-box.default\">\n\t\t\t\t<div class=\"elementor-widget-container\">\n\t\t\t\r\n\t<div class=\"premium-flip-main-box\">\r\n\t\t<div class=\"premium-flip-front premium-flip-front\">\r\n\t\t\t<div class=\"premium-flip-front-overlay\">\r\n\t\t\t\t<div class=\"premium-flip-front-content-container\">\r\n\t\t\t\t\t<div class=\"premium-flip-text-wrapper\">\r\n\t\t\t\t\t\t\r\n\t\t\t\t\t\t\t\t\t\t\t\t\t<h3 class=\"premium-flip-front-title\">\r\n\t\t\t\t\t\t\t\t<i>VENUES ESPECIAIS E<\/i><br>LOCATION MANAGER\t\t\t\t\t\t\t<\/h3>\r\n\t\t\t\t\t\t\r\n\t\t\t\t\t\t\t\t\t\t\t<\/div>\r\n\t\t\t\t<\/div>\r\n\t\t\t<\/div>\r\n\t\t<\/div>\r\n\r\n\t\t<div class=\"premium-flip-back premium-flip-back\">\r\n\t\t\t<div class=\"premium-flip-back-overlay\">\r\n\t\t\t\t<div class=\"premium-flip-back-content-container\">\r\n\t\t\t\t\t\r\n\t\t\t\t\t<div class=\"premium-flip-back-text-wrapper\">\r\n\r\n\t\t\t\t\t\t\r\n\t\t\t\t\t\t\t\t\t\t\t\t\t<h3 class=\"premium-flip-back-title\">\r\n\t\t\t\t\t\t\t\t<i>VENUES ESPECIAIS E<\/i><br>LOCATION MANAGER\t\t\t\t\t\t\t<\/h3>\r\n\t\t\t\t\t\t\r\n\t\t\t\t\t\t\t\t\t\t\t\t\t<span class=\"premium-flip-back-description\">\r\n\t\t\t\t\t\t\t\t<p>Descubra cen\u00e1rios extraordin\u00e1rios para as suas produ\u00e7\u00f5es cinematogr\u00e1ficas e campanhas publicit\u00e1rias com o nosso servi\u00e7o.<\/p>\t\t\t\t\t\t\t<\/span>\r\n\t\t\t\t\t\t\r\n\t\t\t\t\t\t\t\t\t\t\t<\/div>\r\n\t\t\t\t<\/div>\r\n\t\t\t<\/div>\r\n\t\t<\/div>\r\n\t<\/div>\r\n\r\n\t\t\t\t<\/div>\n\t\t\t\t<\/div>\n\t\t\t\t\t<\/div>\n\t\t<\/div>\n\t\t\t\t\t\t\t<\/div>\n\t\t<\/section>\n\t\t\t\t\t<\/div>\n\t\t<\/div>\n\t\t\t\t\t\t\t<\/div>\n\t\t<\/section>\n\t\t\t\t<section class=\"elementor-section elementor-top-section elementor-element elementor-element-c8c0dca elementor-section-content-top elementor-section-boxed elementor-section-height-default elementor-section-height-default\" data-id=\"c8c0dca\" data-element_type=\"section\" data-settings=\"{&quot;background_background&quot;:&quot;classic&quot;}\">\n\t\t\t\t\t\t<div class=\"elementor-container elementor-column-gap-default\">\n\t\t\t\t\t<div class=\"elementor-column elementor-col-100 elementor-top-column elementor-element elementor-element-7a79cf0\" data-id=\"7a79cf0\" data-element_type=\"column\">\n\t\t\t<div class=\"elementor-widget-wrap elementor-element-populated\">\n\t\t\t\t\t\t\t\t<div class=\"elementor-element elementor-element-18660d5 elementor-widget elementor-widget-heading\" data-id=\"18660d5\" data-element_type=\"widget\" data-widget_type=\"heading.default\">\n\t\t\t\t<div class=\"elementor-widget-container\">\n\t\t\t<h2 class=\"elementor-heading-title elementor-size-default\">Tem alguma d\u00favida?<\/h2>\t\t<\/div>\n\t\t\t\t<\/div>\n\t\t\t\t<div class=\"elementor-element elementor-element-54c7506 elementor-hidden-mobile elementor-widget elementor-widget-text-editor\" data-id=\"54c7506\" data-element_type=\"widget\" data-widget_type=\"text-editor.default\">\n\t\t\t\t<div class=\"elementor-widget-container\">\n\t\t\t\t\t\t\t<p style=\"text-align: center;\" class=\" translation-block\">Entre em contato connosco atrav\u00e9s dos detalhes de contato abaixo<br>e n\u00f3s responderemos o mais breve poss\u00edvel.<\/p>\t\t\t\t\t\t<\/div>\n\t\t\t\t<\/div>\n\t\t\t\t<div class=\"elementor-element elementor-element-93ee7b8 elementor-hidden-desktop elementor-hidden-laptop elementor-hidden-tablet elementor-widget elementor-widget-text-editor\" data-id=\"93ee7b8\" data-element_type=\"widget\" data-widget_type=\"text-editor.default\">\n\t\t\t\t<div class=\"elementor-widget-container\">\n\t\t\t\t\t\t\t<p style=\"text-align: center;\" class=\" translation-block\">Entre em contato connosco atrav\u00e9s dos detalhes de contato abaixo<br>e n\u00f3s responderemos o mais breve poss\u00edvel.<\/p>\t\t\t\t\t\t<\/div>\n\t\t\t\t<\/div>\n\t\t\t\t<div class=\"elementor-element elementor-element-00e4aa9 elementor-align-center elementor-widget elementor-widget-button\" data-id=\"00e4aa9\" data-element_type=\"widget\" data-widget_type=\"button.default\">\n\t\t\t\t<div class=\"elementor-widget-container\">\n\t\t\t\t\t<div class=\"elementor-button-wrapper\">\n\t\t\t<a class=\"elementor-button elementor-button-link elementor-size-sm\" href=\"https:\/\/opulentcoast.com\/pt\/contact-us\/\">\n\t\t\t\t\t\t<span class=\"elementor-button-content-wrapper\">\n\t\t\t\t\t\t<span class=\"elementor-button-text\">Contacte-nos<\/span>\n\t\t<\/span>\n\t\t\t\t\t<\/a>\n\t\t<\/div>\n\t\t\t\t<\/div>\n\t\t\t\t<\/div>\n\t\t\t\t\t<\/div>\n\t\t<\/div>\n\t\t\t\t\t\t\t<\/div>\n\t\t<\/section>\n\t\t\t\t\t\t\t<\/div>","protected":false},"excerpt":{"rendered":"<p>Business From finding the perfect venues and locations to organizing unforgettable company events, we ensure every detail is carefully curated to create impactful experiences. From finding the perfect venues and locations to organizing unforgettable company events, we ensure every detail is carefully curated to create impactful experiences. HOW CAN WE ASSIST YOU? COMPANYEVENTS COMPANYEVENTS Create [&hellip;]<\/p>","protected":false},"author":2,"featured_media":0,"parent":0,"menu_order":0,"comment_status":"closed","ping_status":"closed","template":"","meta":{"footnotes":""},"class_list":["post-478","page","type-page","status-publish","hentry"],"yoast_head":"<!-- This site is optimized with the Yoast SEO plugin v20.11 - https:\/\/yoast.com\/wordpress\/plugins\/seo\/ -->\n<title>Business - Opulent Coast<\/title>\n<meta name=\"description\" content=\"Organise unforgettable business and corporate events in stunning locations with Opulent Coast expertise.\" \/>\n<meta name=\"robots\" content=\"index, follow, max-snippet:-1, max-image-preview:large, max-video-preview:-1\" \/>\n<link rel=\"canonical\" href=\"https:\/\/opulentcoast.com\/pt\/business\/\" \/>\n<meta property=\"og:locale\" content=\"pt_PT\" \/>\n<meta property=\"og:type\" content=\"article\" \/>\n<meta property=\"og:title\" content=\"Business - Opulent Coast\" \/>\n<meta property=\"og:description\" content=\"Organise unforgettable business and corporate events in stunning locations with Opulent Coast expertise.\" \/>\n<meta property=\"og:url\" content=\"https:\/\/opulentcoast.com\/pt\/business\/\" \/>\n<meta property=\"og:site_name\" content=\"Opulent Coast\" \/>\n<meta property=\"article:modified_time\" content=\"2023-07-20T15:36:00+00:00\" \/>\n<meta name=\"twitter:card\" content=\"summary_large_image\" \/>\n<meta name=\"twitter:title\" content=\"Business - Opulent Coast\" \/>\n<meta name=\"twitter:description\" content=\"Organise unforgettable business and corporate events in stunning locations with Opulent Coast expertise.\" \/>\n<meta name=\"twitter:label1\" content=\"Tempo estimado de leitura\" \/>\n\t<meta name=\"twitter:data1\" content=\"1 minuto\" \/>\n<script type=\"application\/ld+json\" class=\"yoast-schema-graph\">{\"@context\":\"https:\/\/schema.org\",\"@graph\":[{\"@type\":\"WebPage\",\"@id\":\"https:\/\/opulentcoast.com\/business\/\",\"url\":\"https:\/\/opulentcoast.com\/business\/\",\"name\":\"Business - Opulent Coast\",\"isPartOf\":{\"@id\":\"https:\/\/opulentcoast.com\/#website\"},\"datePublished\":\"2023-04-21T15:21:16+00:00\",\"dateModified\":\"2023-07-20T15:36:00+00:00\",\"description\":\"Organise unforgettable business and corporate events in stunning locations with Opulent Coast expertise.\",\"breadcrumb\":{\"@id\":\"https:\/\/opulentcoast.com\/business\/#breadcrumb\"},\"inLanguage\":\"pt-PT\",\"potentialAction\":[{\"@type\":\"ReadAction\",\"target\":[\"https:\/\/opulentcoast.com\/business\/\"]}]},{\"@type\":\"BreadcrumbList\",\"@id\":\"https:\/\/opulentcoast.com\/business\/#breadcrumb\",\"itemListElement\":[{\"@type\":\"ListItem\",\"position\":1,\"name\":\"In\u00edcio\",\"item\":\"https:\/\/opulentcoast.com\/\"},{\"@type\":\"ListItem\",\"position\":2,\"name\":\"Business\"}]},{\"@type\":\"WebSite\",\"@id\":\"https:\/\/opulentcoast.com\/#website\",\"url\":\"https:\/\/opulentcoast.com\/\",\"name\":\"Opulent Coast\",\"description\":\"Welcome to your Home at Ilha da Madeira\",\"publisher\":{\"@id\":\"https:\/\/opulentcoast.com\/#organization\"},\"potentialAction\":[{\"@type\":\"SearchAction\",\"target\":{\"@type\":\"EntryPoint\",\"urlTemplate\":\"https:\/\/opulentcoast.com\/?s={search_term_string}\"},\"query-input\":\"required name=search_term_string\"}],\"inLanguage\":\"pt-PT\"},{\"@type\":\"Organization\",\"@id\":\"https:\/\/opulentcoast.com\/#organization\",\"name\":\"Opulent Coast\",\"url\":\"https:\/\/opulentcoast.com\/\",\"logo\":{\"@type\":\"ImageObject\",\"inLanguage\":\"pt-PT\",\"@id\":\"https:\/\/opulentcoast.com\/#\/schema\/logo\/image\/\",\"url\":\"https:\/\/opulentcoast.com\/wp-content\/uploads\/2022\/12\/Opulent-Coast-Logotipo.webp\",\"contentUrl\":\"https:\/\/opulentcoast.com\/wp-content\/uploads\/2022\/12\/Opulent-Coast-Logotipo.webp\",\"width\":2217,\"height\":313,\"caption\":\"Opulent Coast\"},\"image\":{\"@id\":\"https:\/\/opulentcoast.com\/#\/schema\/logo\/image\/\"}}]}<\/script>\n<!-- \/ Yoast SEO plugin. -->","yoast_head_json":{"title":"Business - Opulent Coast","description":"Organise unforgettable business and corporate events in stunning locations with Opulent Coast expertise.","robots":{"index":"index","follow":"follow","max-snippet":"max-snippet:-1","max-image-preview":"max-image-preview:large","max-video-preview":"max-video-preview:-1"},"canonical":"https:\/\/opulentcoast.com\/pt\/business\/","og_locale":"pt_PT","og_type":"article","og_title":"Business - Opulent Coast","og_description":"Organise unforgettable business and corporate events in stunning locations with Opulent Coast expertise.","og_url":"https:\/\/opulentcoast.com\/pt\/business\/","og_site_name":"Opulent Coast","article_modified_time":"2023-07-20T15:36:00+00:00","twitter_card":"summary_large_image","twitter_title":"Business - Opulent Coast","twitter_description":"Organise unforgettable business and corporate events in stunning locations with Opulent Coast expertise.","twitter_misc":{"Tempo estimado de leitura":"1 minuto"},"schema":{"@context":"https:\/\/schema.org","@graph":[{"@type":"WebPage","@id":"https:\/\/opulentcoast.com\/business\/","url":"https:\/\/opulentcoast.com\/business\/","name":"Business - Opulent Coast","isPartOf":{"@id":"https:\/\/opulentcoast.com\/#website"},"datePublished":"2023-04-21T15:21:16+00:00","dateModified":"2023-07-20T15:36:00+00:00","description":"Organise unforgettable business and corporate events in stunning locations with Opulent Coast expertise.","breadcrumb":{"@id":"https:\/\/opulentcoast.com\/business\/#breadcrumb"},"inLanguage":"pt-PT","potentialAction":[{"@type":"ReadAction","target":["https:\/\/opulentcoast.com\/business\/"]}]},{"@type":"BreadcrumbList","@id":"https:\/\/opulentcoast.com\/business\/#breadcrumb","itemListElement":[{"@type":"ListItem","position":1,"name":"In\u00edcio","item":"https:\/\/opulentcoast.com\/"},{"@type":"ListItem","position":2,"name":"Business"}]},{"@type":"WebSite","@id":"https:\/\/opulentcoast.com\/#website","url":"https:\/\/opulentcoast.com\/","name":"Opulent Coast","description":"Welcome to your Home at Ilha da Madeira","publisher":{"@id":"https:\/\/opulentcoast.com\/#organization"},"potentialAction":[{"@type":"SearchAction","target":{"@type":"EntryPoint","urlTemplate":"https:\/\/opulentcoast.com\/?s={search_term_string}"},"query-input":"required name=search_term_string"}],"inLanguage":"pt-PT"},{"@type":"Organization","@id":"https:\/\/opulentcoast.com\/#organization","name":"Opulent Coast","url":"https:\/\/opulentcoast.com\/","logo":{"@type":"ImageObject","inLanguage":"pt-PT","@id":"https:\/\/opulentcoast.com\/#\/schema\/logo\/image\/","url":"https:\/\/opulentcoast.com\/wp-content\/uploads\/2022\/12\/Opulent-Coast-Logotipo.webp","contentUrl":"https:\/\/opulentcoast.com\/wp-content\/uploads\/2022\/12\/Opulent-Coast-Logotipo.webp","width":2217,"height":313,"caption":"Opulent Coast"},"image":{"@id":"https:\/\/opulentcoast.com\/#\/schema\/logo\/image\/"}}]}},"_links":{"self":[{"href":"https:\/\/opulentcoast.com\/pt\/wp-json\/wp\/v2\/pages\/478","targetHints":{"allow":["GET"]}}],"collection":[{"href":"https:\/\/opulentcoast.com\/pt\/wp-json\/wp\/v2\/pages"}],"about":[{"href":"https:\/\/opulentcoast.com\/pt\/wp-json\/wp\/v2\/types\/page"}],"author":[{"embeddable":true,"href":"https:\/\/opulentcoast.com\/pt\/wp-json\/wp\/v2\/users\/2"}],"replies":[{"embeddable":true,"href":"https:\/\/opulentcoast.com\/pt\/wp-json\/wp\/v2\/comments?post=478"}],"version-history":[{"count":34,"href":"https:\/\/opulentcoast.com\/pt\/wp-json\/wp\/v2\/pages\/478\/revisions"}],"predecessor-version":[{"id":982,"href":"https:\/\/opulentcoast.com\/pt\/wp-json\/wp\/v2\/pages\/478\/revisions\/982"}],"wp:attachment":[{"href":"https:\/\/opulentcoast.com\/pt\/wp-json\/wp\/v2\/media?parent=478"}],"curies":[{"name":"wp","href":"https:\/\/api.w.org\/{rel}","templated":true}]}}